{"id":6181,"date":"2017-09-22T14:07:29","date_gmt":"2017-09-22T12:07:29","guid":{"rendered":"https:\/\/www.bozioko.cz\/selske-baroko-a-proc-bozi-oko-copy\/"},"modified":"2020-02-13T12:54:42","modified_gmt":"2020-02-13T11:54:42","slug":"rural-baroque-2","status":"publish","type":"page","link":"https:\/\/www.bozioko.cz\/en\/rural-baroque-2\/","title":{"rendered":"Rural Baroque and Why Bo\u017e\u00ed Oko (God\u00b4s Eye)"},"content":{"rendered":"<p><!--themify_builder_static--><\/p>\n<h1>Rural Baroque and Why Bo\u017e\u00ed Oko (God\u00b4s Eye)<br \/><\/h1>\n<p style=\"text-align: center;\">Rural baroque and south bohemian village belong together. You can never find so many quaint and charmingly decorated gables on one place of rural homesteads as in South Bohemia. For its gables, richly decorated ornaments and stucco, the rural baroque became a unique architectonic phenomenon. The area with an abundancy of rural baroque architecture evidence is Blata.<\/p>\n<h2>Country Homesteads in Mal\u00e9 Chr\u00e1\u0161\u0165any<br \/><\/h2>\n<p style=\"text-align: left;\">Homestead Mal\u00e9 Chr\u00e1\u0161\u0165any no.4 was rebuilt in the style of baroque in 1850. We in fact know the author, whose name is \u0160ebastian Brenner, the master of Pl\u00e1stovice area. The homestead Mal\u00e9 Chr\u00e1\u0161\u0165any no.5 was rebuilt in 1856 by the same author and his bricklayer party. During our reconstruction, we discovered the remains of the original wooden logs under the plastering. The chronicles do in fact confirm that in the first half of 19th century, there was a vast rebuilding of the village and contemporary homesteads are based on the older foundations of the middle age log houses. One of the first written references about Mal\u00e9 Chr\u00e1\u0161\u0165any goes far back as the year 1273. Other written references about the homesteads no.4 and no.5 are in the Josef land registry from the year 1785. Only 100 metres from the village, a path named Formanick\u00e1 cesta originally led in the direction Linec \u2013 Prague, before it was destroyed by a the construction of a railway. The oldest settlement of the village is confirmed by archaeological findings (shards and fragments of ceramic) from the period of 0 \u2013 400 A.D. in the place following on the prehistorical settlement. The location of the prehistoric settlement was found in 1999 roughly 300 metres west from the homestead no.4 \u2013 thus our Wellness Hotel Bo\u017e\u00ed Oko.<\/p>\n<p><img loading=\"lazy\" decoding=\"async\" src=\"https:\/\/www.bozioko.cz\/wp-content\/uploads\/2017\/08\/IMG_3904-560x400.jpg\" width=\"560\" height=\"400\" alt=\"IMG_3904\" srcset=\"https:\/\/www.bozioko.cz\/wp-content\/uploads\/2017\/08\/IMG_3904.jpg 560w, https:\/\/www.bozioko.cz\/wp-content\/uploads\/2017\/08\/IMG_3904-300x214.jpg 300w\" sizes=\"auto, (max-width: 560px) 100vw, 560px\" \/><\/p>\n<p style=\"text-align: center;\">The stylized stucco God\u00b4s Eye symbol can be found on the frontal gables of homesteads. But only in one of the homesteads can you find a unique hotel with even more unique interior. The owner of the hotel gave it its name right after the stucco symbol mentioned earlier. The symbol itself dominates the top of the gable in the residential part and granary of both homesteads. The God\u00b4s eye is placed in the middle of the triangle with flames in the corners; it signifies the triple singularity of God. The God\u00b4s eye protects the health, wealth and harvest of a farmer as well as protecting the inhabitants of the homestead against evil people and adversity of faith.<\/p>\n<p><img decoding=\"async\" src=\"https:\/\/www.bozioko.cz\/wp-content\/uploads\/2017\/08\/bozi-oko-560x800.jpg\" width=\"560\" alt=\"bozi-oko\" srcset=\"https:\/\/www.bozioko.cz\/wp-content\/uploads\/2017\/08\/bozi-oko.jpg 560w, https:\/\/www.bozioko.cz\/wp-content\/uploads\/2017\/08\/bozi-oko-210x300.jpg 210w\" sizes=\"(max-width: 560px) 100vw, 560px\" \/><\/p>\n<h2>The Gable of Homestead no.4<br \/><\/h2>\n<p>The gable of the homestead no.4 has a significant cultural and historical value. It is decorated with sacral stucco elements and considering its rich decoration, it is very probable that the wealthiest farmer of the village used to dwell in here. You can see a stucco chronograph 1850 (marking the date of finishing the reconstruction of the residential part of the house), separating strip with horseshoe motive, flaming heart \u2013 the symbol of undying faith, spiral motive on the end of stylised palm (blooming palm seed representing the periodic cycle of birth and death in the nature), a bishops staff \u2013 resembling a shepherds cane, monstrance in the shape of fish ended by a cross (fish being a Christian symbol \u2013 in the Greek language ICHTHYS is a hidden anagram of letters: I \u2013 Jesus CH \u2013 Christ Th \u2013 Godly Y \u2013 Son S \u2013 Saviour) \u2013 it represents the rebirth and eternal life of Jesus Christ.<\/p>\n<h2>The Gable of Homestead no.5<br \/><\/h2>\n<p>The gable of homestead no.5 decorates the God\u00b4s eye and bishops staff at its top. Further, you can see a stucco chronograph 1856 (the date of the reconstruction completion). Above the ledge lies a border of the Christian fish standing on their tail. Below the ledge you can see a dividing stripe made of horseshoes \u2013 resembling the farming use of the homestead. Motives of flowers then add to the decoration of the gable. This gable also bears a significant cultural and historical value. In the hallway of the residential part of homestead no.5 there is a stucco rose placed on the arched ceiling which is monumentally protected.<br \/>\n<img loading=\"lazy\" decoding=\"async\" src=\"https:\/\/www.bozioko.cz\/wp-content\/uploads\/2017\/08\/bozioko-560x400.jpg\" width=\"560\" height=\"400\" alt=\"bozioko\" srcset=\"https:\/\/www.bozioko.cz\/wp-content\/uploads\/2017\/08\/bozioko.jpg 560w, https:\/\/www.bozioko.cz\/wp-content\/uploads\/2017\/08\/bozioko-300x214.jpg 300w\" sizes=\"auto, (max-width: 560px) 100vw, 560px\" \/><\/p>\n<p style=\"text-align: center;\">Both homesteads no.4 and no.5 belong to the monumental reserve of folk architecture Mal\u00e9 Chr\u00e1\u0161\u0165any and are protected by the state immovable cultural heritage since 1995.<\/p>\n<p><!--\/themify_builder_static--><\/p>\n","protected":false},"excerpt":{"rendered":"<p>Rural Baroque and Why Bo\u017e\u00ed Oko (God\u00b4s Eye) Rural baroque and south bohemian village belong together. You can never find so many quaint and charmingly decorated gables on one place of rural homesteads as in South Bohemia. For its gables, richly decorated ornaments and stucco, the rural baroque became a unique architectonic phenomenon. The area [&hellip;]<\/p>\n","protected":false},"author":1,"featured_media":0,"parent":0,"menu_order":0,"comment_status":"closed","ping_status":"closed","template":"","meta":{"footnotes":""},"class_list":["post-6181","page","type-page","status-publish","hentry"],"yoast_head":"<!-- This site is optimized with the Yoast SEO plugin v25.4 - https:\/\/yoast.com\/wordpress\/plugins\/seo\/ -->\n<title>Rural Baroque - Wellness hotel Bo\u017e\u00ed oko<\/title>\n<meta name=\"description\" content=\"The picturesque and gracefully decorated shields of rural settlements are specific to the Southern Bohemia. Both our homesteads are state-protected cultural monuments.\" \/>\n<meta name=\"robots\" content=\"index, follow, max-snippet:-1, max-image-preview:large, max-video-preview:-1\" \/>\n<link rel=\"canonical\" href=\"https:\/\/www.bozioko.cz\/en\/rural-baroque-2\/\" \/>\n<meta property=\"og:locale\" content=\"en_US\" \/>\n<meta property=\"og:type\" content=\"article\" \/>\n<meta property=\"og:title\" content=\"Rural Baroque - Wellness hotel Bo\u017e\u00ed oko\" \/>\n<meta property=\"og:description\" content=\"The picturesque and gracefully decorated shields of rural settlements are specific to the Southern Bohemia. Both our homesteads are state-protected cultural monuments.\" \/>\n<meta property=\"og:url\" content=\"https:\/\/www.bozioko.cz\/en\/rural-baroque-2\/\" \/>\n<meta property=\"og:site_name\" content=\"Bo\u017e\u00ed Oko\" \/>\n<meta property=\"article:publisher\" content=\"https:\/\/www.facebook.com\/BoziOkoWellnessHotel\/\" \/>\n<meta property=\"article:modified_time\" content=\"2020-02-13T11:54:42+00:00\" \/>\n<meta property=\"og:image\" content=\"https:\/\/www.bozioko.cz\/wp-content\/uploads\/2017\/08\/IMG_3904-560x400.jpg\" \/>\n<meta name=\"twitter:card\" content=\"summary_large_image\" \/>\n<meta name=\"twitter:label1\" content=\"Est. reading time\" \/>\n\t<meta name=\"twitter:data1\" content=\"3 minutes\" \/>\n<script type=\"application\/ld+json\" class=\"yoast-schema-graph\">{\"@context\":\"https:\/\/schema.org\",\"@graph\":[{\"@type\":\"WebPage\",\"@id\":\"https:\/\/www.bozioko.cz\/en\/rural-baroque-2\/\",\"url\":\"https:\/\/www.bozioko.cz\/en\/rural-baroque-2\/\",\"name\":\"Rural Baroque - Wellness hotel Bo\u017e\u00ed oko\",\"isPartOf\":{\"@id\":\"https:\/\/www.bozioko.cz\/#website\"},\"primaryImageOfPage\":{\"@id\":\"https:\/\/www.bozioko.cz\/en\/rural-baroque-2\/#primaryimage\"},\"image\":{\"@id\":\"https:\/\/www.bozioko.cz\/en\/rural-baroque-2\/#primaryimage\"},\"thumbnailUrl\":\"https:\/\/www.bozioko.cz\/wp-content\/uploads\/2017\/08\/IMG_3904-560x400.jpg\",\"datePublished\":\"2017-09-22T12:07:29+00:00\",\"dateModified\":\"2020-02-13T11:54:42+00:00\",\"description\":\"The picturesque and gracefully decorated shields of rural settlements are specific to the Southern Bohemia. Both our homesteads are state-protected cultural monuments.\",\"breadcrumb\":{\"@id\":\"https:\/\/www.bozioko.cz\/en\/rural-baroque-2\/#breadcrumb\"},\"inLanguage\":\"en-US\",\"potentialAction\":[{\"@type\":\"ReadAction\",\"target\":[\"https:\/\/www.bozioko.cz\/en\/rural-baroque-2\/\"]}]},{\"@type\":\"ImageObject\",\"inLanguage\":\"en-US\",\"@id\":\"https:\/\/www.bozioko.cz\/en\/rural-baroque-2\/#primaryimage\",\"url\":\"https:\/\/www.bozioko.cz\/wp-content\/uploads\/2017\/08\/IMG_3904-560x400.jpg\",\"contentUrl\":\"https:\/\/www.bozioko.cz\/wp-content\/uploads\/2017\/08\/IMG_3904-560x400.jpg\"},{\"@type\":\"BreadcrumbList\",\"@id\":\"https:\/\/www.bozioko.cz\/en\/rural-baroque-2\/#breadcrumb\",\"itemListElement\":[{\"@type\":\"ListItem\",\"position\":1,\"name\":\"Dom\u016f\",\"item\":\"https:\/\/www.bozioko.cz\/en\/\"},{\"@type\":\"ListItem\",\"position\":2,\"name\":\"Rural Baroque and Why Bo\u017e\u00ed Oko (God\u00b4s Eye)\"}]},{\"@type\":\"WebSite\",\"@id\":\"https:\/\/www.bozioko.cz\/#website\",\"url\":\"https:\/\/www.bozioko.cz\/\",\"name\":\"Bo\u017e\u00ed Oko\",\"description\":\"Wellness hotel\",\"publisher\":{\"@id\":\"https:\/\/www.bozioko.cz\/#organization\"},\"potentialAction\":[{\"@type\":\"SearchAction\",\"target\":{\"@type\":\"EntryPoint\",\"urlTemplate\":\"https:\/\/www.bozioko.cz\/?s={search_term_string}\"},\"query-input\":{\"@type\":\"PropertyValueSpecification\",\"valueRequired\":true,\"valueName\":\"search_term_string\"}}],\"inLanguage\":\"en-US\"},{\"@type\":\"Organization\",\"@id\":\"https:\/\/www.bozioko.cz\/#organization\",\"name\":\"Bo\u017e\u00ed Oko\",\"url\":\"https:\/\/www.bozioko.cz\/\",\"logo\":{\"@type\":\"ImageObject\",\"inLanguage\":\"en-US\",\"@id\":\"https:\/\/www.bozioko.cz\/#\/schema\/logo\/image\/\",\"url\":\"https:\/\/www.bozioko.cz\/wp-content\/uploads\/2016\/08\/test.png\",\"contentUrl\":\"https:\/\/www.bozioko.cz\/wp-content\/uploads\/2016\/08\/test.png\",\"width\":368,\"height\":522,\"caption\":\"Bo\u017e\u00ed Oko\"},\"image\":{\"@id\":\"https:\/\/www.bozioko.cz\/#\/schema\/logo\/image\/\"},\"sameAs\":[\"https:\/\/www.facebook.com\/BoziOkoWellnessHotel\/\"]}]}<\/script>\n<!-- \/ Yoast SEO plugin. -->","yoast_head_json":{"title":"Rural Baroque - Wellness hotel Bo\u017e\u00ed oko","description":"The picturesque and gracefully decorated shields of rural settlements are specific to the Southern Bohemia. Both our homesteads are state-protected cultural monuments.","robots":{"index":"index","follow":"follow","max-snippet":"max-snippet:-1","max-image-preview":"max-image-preview:large","max-video-preview":"max-video-preview:-1"},"canonical":"https:\/\/www.bozioko.cz\/en\/rural-baroque-2\/","og_locale":"en_US","og_type":"article","og_title":"Rural Baroque - Wellness hotel Bo\u017e\u00ed oko","og_description":"The picturesque and gracefully decorated shields of rural settlements are specific to the Southern Bohemia. Both our homesteads are state-protected cultural monuments.","og_url":"https:\/\/www.bozioko.cz\/en\/rural-baroque-2\/","og_site_name":"Bo\u017e\u00ed Oko","article_publisher":"https:\/\/www.facebook.com\/BoziOkoWellnessHotel\/","article_modified_time":"2020-02-13T11:54:42+00:00","og_image":[{"url":"https:\/\/www.bozioko.cz\/wp-content\/uploads\/2017\/08\/IMG_3904-560x400.jpg","type":"","width":"","height":""}],"twitter_card":"summary_large_image","twitter_misc":{"Est. reading time":"3 minutes"},"schema":{"@context":"https:\/\/schema.org","@graph":[{"@type":"WebPage","@id":"https:\/\/www.bozioko.cz\/en\/rural-baroque-2\/","url":"https:\/\/www.bozioko.cz\/en\/rural-baroque-2\/","name":"Rural Baroque - Wellness hotel Bo\u017e\u00ed oko","isPartOf":{"@id":"https:\/\/www.bozioko.cz\/#website"},"primaryImageOfPage":{"@id":"https:\/\/www.bozioko.cz\/en\/rural-baroque-2\/#primaryimage"},"image":{"@id":"https:\/\/www.bozioko.cz\/en\/rural-baroque-2\/#primaryimage"},"thumbnailUrl":"https:\/\/www.bozioko.cz\/wp-content\/uploads\/2017\/08\/IMG_3904-560x400.jpg","datePublished":"2017-09-22T12:07:29+00:00","dateModified":"2020-02-13T11:54:42+00:00","description":"The picturesque and gracefully decorated shields of rural settlements are specific to the Southern Bohemia. Both our homesteads are state-protected cultural monuments.","breadcrumb":{"@id":"https:\/\/www.bozioko.cz\/en\/rural-baroque-2\/#breadcrumb"},"inLanguage":"en-US","potentialAction":[{"@type":"ReadAction","target":["https:\/\/www.bozioko.cz\/en\/rural-baroque-2\/"]}]},{"@type":"ImageObject","inLanguage":"en-US","@id":"https:\/\/www.bozioko.cz\/en\/rural-baroque-2\/#primaryimage","url":"https:\/\/www.bozioko.cz\/wp-content\/uploads\/2017\/08\/IMG_3904-560x400.jpg","contentUrl":"https:\/\/www.bozioko.cz\/wp-content\/uploads\/2017\/08\/IMG_3904-560x400.jpg"},{"@type":"BreadcrumbList","@id":"https:\/\/www.bozioko.cz\/en\/rural-baroque-2\/#breadcrumb","itemListElement":[{"@type":"ListItem","position":1,"name":"Dom\u016f","item":"https:\/\/www.bozioko.cz\/en\/"},{"@type":"ListItem","position":2,"name":"Rural Baroque and Why Bo\u017e\u00ed Oko (God\u00b4s Eye)"}]},{"@type":"WebSite","@id":"https:\/\/www.bozioko.cz\/#website","url":"https:\/\/www.bozioko.cz\/","name":"Bo\u017e\u00ed Oko","description":"Wellness hotel","publisher":{"@id":"https:\/\/www.bozioko.cz\/#organization"},"potentialAction":[{"@type":"SearchAction","target":{"@type":"EntryPoint","urlTemplate":"https:\/\/www.bozioko.cz\/?s={search_term_string}"},"query-input":{"@type":"PropertyValueSpecification","valueRequired":true,"valueName":"search_term_string"}}],"inLanguage":"en-US"},{"@type":"Organization","@id":"https:\/\/www.bozioko.cz\/#organization","name":"Bo\u017e\u00ed Oko","url":"https:\/\/www.bozioko.cz\/","logo":{"@type":"ImageObject","inLanguage":"en-US","@id":"https:\/\/www.bozioko.cz\/#\/schema\/logo\/image\/","url":"https:\/\/www.bozioko.cz\/wp-content\/uploads\/2016\/08\/test.png","contentUrl":"https:\/\/www.bozioko.cz\/wp-content\/uploads\/2016\/08\/test.png","width":368,"height":522,"caption":"Bo\u017e\u00ed Oko"},"image":{"@id":"https:\/\/www.bozioko.cz\/#\/schema\/logo\/image\/"},"sameAs":["https:\/\/www.facebook.com\/BoziOkoWellnessHotel\/"]}]}},"_links":{"self":[{"href":"https:\/\/www.bozioko.cz\/en\/wp-json\/wp\/v2\/pages\/6181\/"}],"collection":[{"href":"https:\/\/www.bozioko.cz\/en\/wp-json\/wp\/v2\/pages\/"}],"about":[{"href":"https:\/\/www.bozioko.cz\/en\/wp-json\/wp\/v2\/types\/page\/"}],"author":[{"embeddable":true,"href":"https:\/\/www.bozioko.cz\/en\/wp-json\/wp\/v2\/users\/1\/"}],"replies":[{"embeddable":true,"href":"https:\/\/www.bozioko.cz\/en\/wp-json\/wp\/v2\/comments\/?post=6181"}],"version-history":[{"count":5,"href":"https:\/\/www.bozioko.cz\/en\/wp-json\/wp\/v2\/pages\/6181\/revisions\/"}],"predecessor-version":[{"id":6447,"href":"https:\/\/www.bozioko.cz\/en\/wp-json\/wp\/v2\/pages\/6181\/revisions\/6447\/"}],"wp:attachment":[{"href":"https:\/\/www.bozioko.cz\/en\/wp-json\/wp\/v2\/media\/?parent=6181"}],"curies":[{"name":"wp","href":"https:\/\/api.w.org\/{rel}","templated":true}]}}