{"id":6177,"date":"2017-09-22T13:44:17","date_gmt":"2017-09-22T11:44:17","guid":{"rendered":"https:\/\/www.bozioko.cz\/o-nas-copy\/"},"modified":"2020-02-14T20:55:13","modified_gmt":"2020-02-14T19:55:13","slug":"about-us","status":"publish","type":"page","link":"https:\/\/www.bozioko.cz\/en\/about-us\/","title":{"rendered":"About us"},"content":{"rendered":"<p><!--themify_builder_static--><\/p>\n<h1>About Us<br \/>Bo\u017e\u00ed Oko<\/h1>\n<h2>Hotel<br \/>Wellness &#038; Relax<\/h2>\n<p>The journey from Prague only takes 1 hour and a bit and then you can dive into the benign atmosphere of south bohemian countryside, where you can experience many wonderful moments with you family or during varied events our hotel hosts all the time. In the space of baroque homestead Mal\u00e9 Chr\u00e1\u0161\u0165any no.4 since 1850 and baroque homestead Mal\u00e9 Chr\u00e1\u0161\u0165any no.5 since 1856, a wellness hotel was built with the accommodation capacity of 54 beds. Both homesteads are like the jewels of south bohemian baroque period, protected by the monument institute. From the outside, the hotel will enthral you by its ancient architecture of rural baroque and from the inside then, by its design, original interior a spacious garden with the area of 10 000 m2 with 2 natural ponds.<br \/>\n<img loading=\"lazy\" decoding=\"async\" src=\"https:\/\/www.bozioko.cz\/wp-content\/uploads\/2016\/08\/20130514155031_egz15q-560x400.jpg\" width=\"560\" height=\"400\" alt=\"20130514155031_egz15q\" \/><br \/>\n<img loading=\"lazy\" decoding=\"async\" src=\"https:\/\/www.bozioko.cz\/wp-content\/uploads\/2016\/08\/20111129140907_v4M1hf-560x400.jpg\" width=\"560\" height=\"400\" alt=\"20111129140907_v4M1hf\" \/><\/p>\n<h2>Accommodation<br \/>Design rooms<\/h2>\n<p>We offer our guests accommodation in all of our rooms and apartments. On the first floor of the main building (former barn), there are 6 luxuriously furnished and spaciously designed exclusive rooms with panoramic view to the landscape. In the historical, monumentally protected homestead no. 4 since 1850 (Bo\u017e\u00ed Oko 1 \u2013 white, blue and pink facade) there are 6 stylishly furnished comfort rooms. Next to these rooms is a separate villa, a reconstructed house originally used as granary but now a 3 floor luxurious apartment with its own entrance.<\/p>\n<p>In the historical residential part, again monumentally protected, lies a homestead no. 5 since 1856 (Bo\u017e\u00ed Oko 2 \u2013 pink, blue and white facade) there are 5 more stylishly furnished rooms, each uniquely designed.<\/p>\n<h2>Restaurant:<br \/>Quality Gastronomy<\/h2>\n<p style=\"text-align: center;\">Our restaurant offers a great variety of Czech and World cuisine including fresh fish and ingredients from local farms and fields. We cook a different meal every day and use only fresh ingredients.<\/p>\n<p><img loading=\"lazy\" decoding=\"async\" src=\"https:\/\/www.bozioko.cz\/wp-content\/uploads\/2016\/08\/20140916195341_vbYwuh-560x400.jpg\" width=\"560\" height=\"400\" alt=\"20140916195341_vbYwuh\" \/><br \/>\n<img loading=\"lazy\" decoding=\"async\" src=\"https:\/\/www.bozioko.cz\/wp-content\/uploads\/2016\/08\/10-560x400.jpg\" width=\"560\" height=\"400\" alt=\"10\" \/><\/p>\n<h2>Wellness<br \/>Relaxing the body and soul<\/h2>\n<p style=\"text-align: center;\">The word wellness in the name of our hotel suggests that our wellness centre is fully prepared to relax your body and soul. You can enjoy illuminated Jacuzzi with panoramic view, a steam bath, and Finnish herbal sauna with garden view and light therapy. For our most demanding guests we also offer our pleasing massages, which take the relaxation to the ultimate level.<\/p>\n<h2>Events and Weddings <br \/>Private and Company<\/h2>\n<p>Our hotel is a perfect place for organizing company events, teambuilding, smaller conferences and even private events such as weddings and variety of celebrations. We can also arrange a personalised event. The very combination of quality areas for accommodation and activities together with unique wellness and delicious cuisine suggests that your event will become unforgettable.<br \/>\n<img loading=\"lazy\" decoding=\"async\" src=\"https:\/\/www.bozioko.cz\/wp-content\/uploads\/2016\/08\/20140207170733_19jSgA-560x400.jpg\" width=\"560\" height=\"400\" alt=\"20140207170733_19jSgA\" \/><!--\/themify_builder_static--><\/p>\n","protected":false},"excerpt":{"rendered":"<p>About UsBo\u017e\u00ed Oko HotelWellness &#038; Relax The journey from Prague only takes 1 hour and a bit and then you can dive into the benign atmosphere of south bohemian countryside, where you can experience many wonderful moments with you family or during varied events our hotel hosts all the time. In the space of baroque [&hellip;]<\/p>\n","protected":false},"author":1,"featured_media":0,"parent":0,"menu_order":0,"comment_status":"closed","ping_status":"closed","template":"","meta":{"footnotes":""},"class_list":["post-6177","page","type-page","status-publish","hentry"],"yoast_head":"<!-- This site is optimized with the Yoast SEO plugin v25.4 - https:\/\/yoast.com\/wordpress\/plugins\/seo\/ -->\n<title>About us - Wellness hotel Bo\u017e\u00ed oko<\/title>\n<meta name=\"description\" content=\"Recharge a positive energy, taste great meals, simply enjoy your stay in an unusual place with the perfect service. We look forward to you.\" \/>\n<meta name=\"robots\" content=\"index, follow, max-snippet:-1, max-image-preview:large, max-video-preview:-1\" \/>\n<link rel=\"canonical\" href=\"https:\/\/www.bozioko.cz\/en\/about-us\/\" \/>\n<meta property=\"og:locale\" content=\"en_US\" \/>\n<meta property=\"og:type\" content=\"article\" \/>\n<meta property=\"og:title\" content=\"About us - Wellness hotel Bo\u017e\u00ed oko\" \/>\n<meta property=\"og:description\" content=\"Recharge a positive energy, taste great meals, simply enjoy your stay in an unusual place with the perfect service. We look forward to you.\" \/>\n<meta property=\"og:url\" content=\"https:\/\/www.bozioko.cz\/en\/about-us\/\" \/>\n<meta property=\"og:site_name\" content=\"Bo\u017e\u00ed Oko\" \/>\n<meta property=\"article:publisher\" content=\"https:\/\/www.facebook.com\/BoziOkoWellnessHotel\/\" \/>\n<meta property=\"article:modified_time\" content=\"2020-02-14T19:55:13+00:00\" \/>\n<meta property=\"og:image\" content=\"https:\/\/www.bozioko.cz\/wp-content\/uploads\/2016\/08\/20130514155031_egz15q-560x400.jpg\" \/>\n<meta name=\"twitter:card\" content=\"summary_large_image\" \/>\n<meta name=\"twitter:label1\" content=\"Est. reading time\" \/>\n\t<meta name=\"twitter:data1\" content=\"2 minutes\" \/>\n<script type=\"application\/ld+json\" class=\"yoast-schema-graph\">{\"@context\":\"https:\/\/schema.org\",\"@graph\":[{\"@type\":\"WebPage\",\"@id\":\"https:\/\/www.bozioko.cz\/en\/about-us\/\",\"url\":\"https:\/\/www.bozioko.cz\/en\/about-us\/\",\"name\":\"About us - Wellness hotel Bo\u017e\u00ed oko\",\"isPartOf\":{\"@id\":\"https:\/\/www.bozioko.cz\/#website\"},\"primaryImageOfPage\":{\"@id\":\"https:\/\/www.bozioko.cz\/en\/about-us\/#primaryimage\"},\"image\":{\"@id\":\"https:\/\/www.bozioko.cz\/en\/about-us\/#primaryimage\"},\"thumbnailUrl\":\"https:\/\/www.bozioko.cz\/wp-content\/uploads\/2016\/08\/20130514155031_egz15q-560x400.jpg\",\"datePublished\":\"2017-09-22T11:44:17+00:00\",\"dateModified\":\"2020-02-14T19:55:13+00:00\",\"description\":\"Recharge a positive energy, taste great meals, simply enjoy your stay in an unusual place with the perfect service. We look forward to you.\",\"breadcrumb\":{\"@id\":\"https:\/\/www.bozioko.cz\/en\/about-us\/#breadcrumb\"},\"inLanguage\":\"en-US\",\"potentialAction\":[{\"@type\":\"ReadAction\",\"target\":[\"https:\/\/www.bozioko.cz\/en\/about-us\/\"]}]},{\"@type\":\"ImageObject\",\"inLanguage\":\"en-US\",\"@id\":\"https:\/\/www.bozioko.cz\/en\/about-us\/#primaryimage\",\"url\":\"https:\/\/www.bozioko.cz\/wp-content\/uploads\/2016\/08\/20130514155031_egz15q-560x400.jpg\",\"contentUrl\":\"https:\/\/www.bozioko.cz\/wp-content\/uploads\/2016\/08\/20130514155031_egz15q-560x400.jpg\"},{\"@type\":\"BreadcrumbList\",\"@id\":\"https:\/\/www.bozioko.cz\/en\/about-us\/#breadcrumb\",\"itemListElement\":[{\"@type\":\"ListItem\",\"position\":1,\"name\":\"Dom\u016f\",\"item\":\"https:\/\/www.bozioko.cz\/en\/\"},{\"@type\":\"ListItem\",\"position\":2,\"name\":\"About us\"}]},{\"@type\":\"WebSite\",\"@id\":\"https:\/\/www.bozioko.cz\/#website\",\"url\":\"https:\/\/www.bozioko.cz\/\",\"name\":\"Bo\u017e\u00ed Oko\",\"description\":\"Wellness hotel\",\"publisher\":{\"@id\":\"https:\/\/www.bozioko.cz\/#organization\"},\"potentialAction\":[{\"@type\":\"SearchAction\",\"target\":{\"@type\":\"EntryPoint\",\"urlTemplate\":\"https:\/\/www.bozioko.cz\/?s={search_term_string}\"},\"query-input\":{\"@type\":\"PropertyValueSpecification\",\"valueRequired\":true,\"valueName\":\"search_term_string\"}}],\"inLanguage\":\"en-US\"},{\"@type\":\"Organization\",\"@id\":\"https:\/\/www.bozioko.cz\/#organization\",\"name\":\"Bo\u017e\u00ed Oko\",\"url\":\"https:\/\/www.bozioko.cz\/\",\"logo\":{\"@type\":\"ImageObject\",\"inLanguage\":\"en-US\",\"@id\":\"https:\/\/www.bozioko.cz\/#\/schema\/logo\/image\/\",\"url\":\"https:\/\/www.bozioko.cz\/wp-content\/uploads\/2016\/08\/test.png\",\"contentUrl\":\"https:\/\/www.bozioko.cz\/wp-content\/uploads\/2016\/08\/test.png\",\"width\":368,\"height\":522,\"caption\":\"Bo\u017e\u00ed Oko\"},\"image\":{\"@id\":\"https:\/\/www.bozioko.cz\/#\/schema\/logo\/image\/\"},\"sameAs\":[\"https:\/\/www.facebook.com\/BoziOkoWellnessHotel\/\"]}]}<\/script>\n<!-- \/ Yoast SEO plugin. -->","yoast_head_json":{"title":"About us - Wellness hotel Bo\u017e\u00ed oko","description":"Recharge a positive energy, taste great meals, simply enjoy your stay in an unusual place with the perfect service. We look forward to you.","robots":{"index":"index","follow":"follow","max-snippet":"max-snippet:-1","max-image-preview":"max-image-preview:large","max-video-preview":"max-video-preview:-1"},"canonical":"https:\/\/www.bozioko.cz\/en\/about-us\/","og_locale":"en_US","og_type":"article","og_title":"About us - Wellness hotel Bo\u017e\u00ed oko","og_description":"Recharge a positive energy, taste great meals, simply enjoy your stay in an unusual place with the perfect service. We look forward to you.","og_url":"https:\/\/www.bozioko.cz\/en\/about-us\/","og_site_name":"Bo\u017e\u00ed Oko","article_publisher":"https:\/\/www.facebook.com\/BoziOkoWellnessHotel\/","article_modified_time":"2020-02-14T19:55:13+00:00","og_image":[{"url":"https:\/\/www.bozioko.cz\/wp-content\/uploads\/2016\/08\/20130514155031_egz15q-560x400.jpg","type":"","width":"","height":""}],"twitter_card":"summary_large_image","twitter_misc":{"Est. reading time":"2 minutes"},"schema":{"@context":"https:\/\/schema.org","@graph":[{"@type":"WebPage","@id":"https:\/\/www.bozioko.cz\/en\/about-us\/","url":"https:\/\/www.bozioko.cz\/en\/about-us\/","name":"About us - Wellness hotel Bo\u017e\u00ed oko","isPartOf":{"@id":"https:\/\/www.bozioko.cz\/#website"},"primaryImageOfPage":{"@id":"https:\/\/www.bozioko.cz\/en\/about-us\/#primaryimage"},"image":{"@id":"https:\/\/www.bozioko.cz\/en\/about-us\/#primaryimage"},"thumbnailUrl":"https:\/\/www.bozioko.cz\/wp-content\/uploads\/2016\/08\/20130514155031_egz15q-560x400.jpg","datePublished":"2017-09-22T11:44:17+00:00","dateModified":"2020-02-14T19:55:13+00:00","description":"Recharge a positive energy, taste great meals, simply enjoy your stay in an unusual place with the perfect service. We look forward to you.","breadcrumb":{"@id":"https:\/\/www.bozioko.cz\/en\/about-us\/#breadcrumb"},"inLanguage":"en-US","potentialAction":[{"@type":"ReadAction","target":["https:\/\/www.bozioko.cz\/en\/about-us\/"]}]},{"@type":"ImageObject","inLanguage":"en-US","@id":"https:\/\/www.bozioko.cz\/en\/about-us\/#primaryimage","url":"https:\/\/www.bozioko.cz\/wp-content\/uploads\/2016\/08\/20130514155031_egz15q-560x400.jpg","contentUrl":"https:\/\/www.bozioko.cz\/wp-content\/uploads\/2016\/08\/20130514155031_egz15q-560x400.jpg"},{"@type":"BreadcrumbList","@id":"https:\/\/www.bozioko.cz\/en\/about-us\/#breadcrumb","itemListElement":[{"@type":"ListItem","position":1,"name":"Dom\u016f","item":"https:\/\/www.bozioko.cz\/en\/"},{"@type":"ListItem","position":2,"name":"About us"}]},{"@type":"WebSite","@id":"https:\/\/www.bozioko.cz\/#website","url":"https:\/\/www.bozioko.cz\/","name":"Bo\u017e\u00ed Oko","description":"Wellness hotel","publisher":{"@id":"https:\/\/www.bozioko.cz\/#organization"},"potentialAction":[{"@type":"SearchAction","target":{"@type":"EntryPoint","urlTemplate":"https:\/\/www.bozioko.cz\/?s={search_term_string}"},"query-input":{"@type":"PropertyValueSpecification","valueRequired":true,"valueName":"search_term_string"}}],"inLanguage":"en-US"},{"@type":"Organization","@id":"https:\/\/www.bozioko.cz\/#organization","name":"Bo\u017e\u00ed Oko","url":"https:\/\/www.bozioko.cz\/","logo":{"@type":"ImageObject","inLanguage":"en-US","@id":"https:\/\/www.bozioko.cz\/#\/schema\/logo\/image\/","url":"https:\/\/www.bozioko.cz\/wp-content\/uploads\/2016\/08\/test.png","contentUrl":"https:\/\/www.bozioko.cz\/wp-content\/uploads\/2016\/08\/test.png","width":368,"height":522,"caption":"Bo\u017e\u00ed Oko"},"image":{"@id":"https:\/\/www.bozioko.cz\/#\/schema\/logo\/image\/"},"sameAs":["https:\/\/www.facebook.com\/BoziOkoWellnessHotel\/"]}]}},"_links":{"self":[{"href":"https:\/\/www.bozioko.cz\/en\/wp-json\/wp\/v2\/pages\/6177\/"}],"collection":[{"href":"https:\/\/www.bozioko.cz\/en\/wp-json\/wp\/v2\/pages\/"}],"about":[{"href":"https:\/\/www.bozioko.cz\/en\/wp-json\/wp\/v2\/types\/page\/"}],"author":[{"embeddable":true,"href":"https:\/\/www.bozioko.cz\/en\/wp-json\/wp\/v2\/users\/1\/"}],"replies":[{"embeddable":true,"href":"https:\/\/www.bozioko.cz\/en\/wp-json\/wp\/v2\/comments\/?post=6177"}],"version-history":[{"count":4,"href":"https:\/\/www.bozioko.cz\/en\/wp-json\/wp\/v2\/pages\/6177\/revisions\/"}],"predecessor-version":[{"id":6446,"href":"https:\/\/www.bozioko.cz\/en\/wp-json\/wp\/v2\/pages\/6177\/revisions\/6446\/"}],"wp:attachment":[{"href":"https:\/\/www.bozioko.cz\/en\/wp-json\/wp\/v2\/media\/?parent=6177"}],"curies":[{"name":"wp","href":"https:\/\/api.w.org\/{rel}","templated":true}]}}