{"id":6168,"date":"2017-09-22T12:34:17","date_gmt":"2017-09-22T10:34:17","guid":{"rendered":"https:\/\/www.bozioko.cz\/volny-cas-copy\/"},"modified":"2020-02-12T22:14:00","modified_gmt":"2020-02-12T21:14:00","slug":"leisure-activities","status":"publish","type":"page","link":"https:\/\/www.bozioko.cz\/en\/leisure-activities\/","title":{"rendered":"LEISURE ACTIVITIES"},"content":{"rendered":"<p><!--themify_builder_static--><\/p>\n<h1>LEISURE ACTIVITIES<br \/><\/h1>\n<h2>Cyclotourism<br \/><\/h2>\n<p style=\"text-align: center;\">The surroundings of Bo\u017e\u00ed Oko are interweaved by a web of cycle routes \u2013 starting from easy, flat routes leading along ponds or Vltava river, to significantly more challenging routes for more demanding cyclists \u2013 perhaps to the very top of the hill Kle\u0165\u2026<\/p>\n<p><img loading=\"lazy\" decoding=\"async\" src=\"https:\/\/www.bozioko.cz\/wp-content\/uploads\/2017\/08\/kolo-560x400.jpg\" width=\"560\" height=\"400\" alt=\"kolo\" srcset=\"https:\/\/www.bozioko.cz\/wp-content\/uploads\/2017\/08\/kolo.jpg 560w, https:\/\/www.bozioko.cz\/wp-content\/uploads\/2017\/08\/kolo-300x214.jpg 300w\" sizes=\"auto, (max-width: 560px) 100vw, 560px\" \/><br \/>\n<img loading=\"lazy\" decoding=\"async\" src=\"https:\/\/www.bozioko.cz\/wp-content\/uploads\/2017\/08\/brusle-560x400.jpg\" width=\"560\" height=\"400\" alt=\"brusle\" srcset=\"https:\/\/www.bozioko.cz\/wp-content\/uploads\/2017\/08\/brusle.jpg 560w, https:\/\/www.bozioko.cz\/wp-content\/uploads\/2017\/08\/brusle-300x214.jpg 300w\" sizes=\"auto, (max-width: 560px) 100vw, 560px\" \/><\/p>\n<h2>In-line skates <br \/><\/h2>\n<p style=\"text-align: center;\">Tie your laces and the 10 kilometre long, beautiful and flat route leading from Hlubok\u00e1 nad Vltavou to \u010cesk\u00e9 Bud\u011bjovice is yours!<\/p>\n<h2>Hiking<br \/><\/h2>\n<p style=\"text-align: center;\">You can enjoy the beautiful nature all around even without bicycles or skates. Walks along the pond embankments, on the routes through the fields and forests \u2013 and the amazing smell of clean air and plants\u2026 Furthermore, when mushrooms begin to grow, the only thing you need to do is take a basket, head straight to the forest and the basket is full in no time.<\/p>\n<p><img loading=\"lazy\" decoding=\"async\" src=\"https:\/\/www.bozioko.cz\/wp-content\/uploads\/2017\/08\/turistika-560x400.jpg\" width=\"560\" height=\"400\" alt=\"turistika\" srcset=\"https:\/\/www.bozioko.cz\/wp-content\/uploads\/2017\/08\/turistika.jpg 560w, https:\/\/www.bozioko.cz\/wp-content\/uploads\/2017\/08\/turistika-300x214.jpg 300w\" sizes=\"auto, (max-width: 560px) 100vw, 560px\" \/><br \/>\n<img loading=\"lazy\" decoding=\"async\" src=\"https:\/\/www.bozioko.cz\/wp-content\/uploads\/2017\/08\/kun-560x400.jpg\" width=\"560\" height=\"400\" alt=\"kun\" srcset=\"https:\/\/www.bozioko.cz\/wp-content\/uploads\/2017\/08\/kun.jpg 560w, https:\/\/www.bozioko.cz\/wp-content\/uploads\/2017\/08\/kun-300x214.jpg 300w\" sizes=\"auto, (max-width: 560px) 100vw, 560px\" \/><\/p>\n<h2>It is said that the world is beautiful the most from a horse saddle<br \/><\/h2>\n<p style=\"text-align: center;\">Children, adults, beginners and advanced can enjoy riding on the horse: Dv\u016fr Vondrov u Hlubok\u00e9 \u2013 tel.: +420 602 967 535, Mrs. Badalov\u00e1 Lu\u017eick\u00fd dv\u016fr u Netolic \u2013 tel.: +420 602 270 809, Mr. V\u00e1clav Fili\u0161tejn <\/p>\n<h2>Golf<br \/><\/h2>\n<p style=\"text-align: center;\">Even the enthusiasts of this sport won\u00b4t get bored.<br \/> Golf club Hlubok\u00e1 nad Vltavou \u2013 tel.: +420 776 826 376<br \/> Adventure mini Golf Hlubok\u00e1 nad Vltavou<\/p>\n<p><img loading=\"lazy\" decoding=\"async\" src=\"https:\/\/www.bozioko.cz\/wp-content\/uploads\/2017\/08\/golf-560x400.jpg\" width=\"560\" height=\"400\" alt=\"golf\" srcset=\"https:\/\/www.bozioko.cz\/wp-content\/uploads\/2017\/08\/golf.jpg 560w, https:\/\/www.bozioko.cz\/wp-content\/uploads\/2017\/08\/golf-300x214.jpg 300w\" sizes=\"auto, (max-width: 560px) 100vw, 560px\" \/><br \/>\n<img loading=\"lazy\" decoding=\"async\" src=\"https:\/\/www.bozioko.cz\/wp-content\/uploads\/2017\/08\/tenis-560x400.jpg\" width=\"560\" height=\"400\" alt=\"tenis\" srcset=\"https:\/\/www.bozioko.cz\/wp-content\/uploads\/2017\/08\/tenis.jpg 560w, https:\/\/www.bozioko.cz\/wp-content\/uploads\/2017\/08\/tenis-300x214.jpg 300w\" sizes=\"auto, (max-width: 560px) 100vw, 560px\" \/><\/p>\n<h2>Tennis<br \/><\/h2>\n<p style=\"text-align: center;\">Hlubok\u00e1 nad Vltavou, tel.: +420 602 440 088, Mr Milan Vopi\u010dka, tennis courts at the Hotel.<\/p>\n<h2>Boat Excursions <br \/><\/h2>\n<p style=\"text-align: center;\">Float your way to the Hn\u011bvnikovick\u00e1 Dam, to \u010cesk\u00e9 Bud\u011bjovice or to the confluence of Vltava and Lu\u017enice rivers. Many amazing pictures and satisfied smiles guaranteed.<br \/> tel.: +420 602 491 344 www.lodnidoprava.info<br \/> Rent a boat and explore the beauties of \u010cesk\u00fd Krumlov or Zlat\u00e1 Koruna www.ckvlt.cz, tel.: +420 603 284 606 <\/p>\n<p><img loading=\"lazy\" decoding=\"async\" src=\"https:\/\/www.bozioko.cz\/wp-content\/uploads\/2017\/08\/lod-560x400.jpg\" width=\"560\" height=\"400\" alt=\"lod\" srcset=\"https:\/\/www.bozioko.cz\/wp-content\/uploads\/2017\/08\/lod.jpg 560w, https:\/\/www.bozioko.cz\/wp-content\/uploads\/2017\/08\/lod-300x214.jpg 300w\" sizes=\"auto, (max-width: 560px) 100vw, 560px\" \/><br \/>\n<img loading=\"lazy\" decoding=\"async\" src=\"https:\/\/www.bozioko.cz\/wp-content\/uploads\/2017\/08\/rybar-560x400.jpg\" width=\"560\" height=\"400\" alt=\"rybar\" srcset=\"https:\/\/www.bozioko.cz\/wp-content\/uploads\/2017\/08\/rybar.jpg 560w, https:\/\/www.bozioko.cz\/wp-content\/uploads\/2017\/08\/rybar-300x214.jpg 300w\" sizes=\"auto, (max-width: 560px) 100vw, 560px\" \/><\/p>\n<h2>Fishing<br \/><\/h2>\n<p style=\"text-align: center;\">The neighbourhood of Bo\u017e\u00ed Oko is filled with ponds. You will find more information on the reception. Very popular is the Pa\u0161ice pond together with Jadern\u00fd and Mydlovarsk\u00fd pond as well as the lake Jaroslav. You can buy tickets at Hlubok\u00e1 nad Vltavou for many ponds to go fishing. You can also fly-fish at the Vltava River.<\/p>\n<h2>Animals Around<br \/><\/h2>\n<p style=\"text-align: center;\">Sheep, horses, hens, ducks and rabbits can all be seen from our garden \u2013 In fact, our neighbour breeds them. Crocodile Zoo Protiv\u00edn &#8211; tel.: +420 725 155 648 Zoo Dvorec &#8211; www.zoodvorec.cz<\/p>\n<p><img loading=\"lazy\" decoding=\"async\" src=\"https:\/\/www.bozioko.cz\/wp-content\/uploads\/2017\/08\/farma-560x400.jpg\" width=\"560\" height=\"400\" alt=\"farma\" srcset=\"https:\/\/www.bozioko.cz\/wp-content\/uploads\/2017\/08\/farma.jpg 560w, https:\/\/www.bozioko.cz\/wp-content\/uploads\/2017\/08\/farma-300x214.jpg 300w\" sizes=\"auto, (max-width: 560px) 100vw, 560px\" \/><br \/>\n<img loading=\"lazy\" decoding=\"async\" src=\"https:\/\/www.bozioko.cz\/wp-content\/uploads\/2017\/08\/zoo-560x400.jpg\" width=\"560\" height=\"400\" alt=\"zoo\" srcset=\"https:\/\/www.bozioko.cz\/wp-content\/uploads\/2017\/08\/zoo.jpg 560w, https:\/\/www.bozioko.cz\/wp-content\/uploads\/2017\/08\/zoo-300x214.jpg 300w\" sizes=\"auto, (max-width: 560px) 100vw, 560px\" \/><\/p>\n<h2>ZOO Hlubok\u00e1<br \/><\/h2>\n<p style=\"text-align: center;\">In this zoo garden you can find more than 300 species of animals as well as the fauna and flora from Australia, America and Africa. There are also some rare and endangered species of Czech and European fauna.<br \/> www.zoohluboka.cz <\/p>\n<h2>Goat Eco farm B\u00edlsko<br \/><\/h2>\n<p style=\"text-align: center;\">Bavorov \u2013 here you can try the work at farm or just take a look at everything and possibly even buy some goat cheese and milk<br \/> tel.: +420 383 391 891 <\/p>\n<p><img loading=\"lazy\" decoding=\"async\" src=\"https:\/\/www.bozioko.cz\/wp-content\/uploads\/2017\/08\/kozy-560x400.jpg\" width=\"560\" height=\"400\" alt=\"kozy\" srcset=\"https:\/\/www.bozioko.cz\/wp-content\/uploads\/2017\/08\/kozy.jpg 560w, https:\/\/www.bozioko.cz\/wp-content\/uploads\/2017\/08\/kozy-300x214.jpg 300w\" sizes=\"auto, (max-width: 560px) 100vw, 560px\" \/><br \/>\n<img loading=\"lazy\" decoding=\"async\" src=\"https:\/\/www.bozioko.cz\/wp-content\/uploads\/2017\/08\/most-560x400.jpg\" width=\"560\" height=\"400\" alt=\"most\" srcset=\"https:\/\/www.bozioko.cz\/wp-content\/uploads\/2017\/08\/most.jpg 560w, https:\/\/www.bozioko.cz\/wp-content\/uploads\/2017\/08\/most-300x214.jpg 300w\" sizes=\"auto, (max-width: 560px) 100vw, 560px\" \/><\/p>\n<h2>The oldest stone bridge in Czech Republic<br \/><\/h2>\n<p style=\"text-align: center;\">You can visit the bridge by the way to Protiv\u00edn in the city of P\u00edsek, where the bridge lies.<\/p>\n<h2>The view from the skies<br \/><\/h2>\n<p style=\"text-align: center;\">We can arrange a sightseeing flight for you on the board of Cezena 172 and Zl\u00edn 43 planes. Sightseeing Flights \u2013 Prachatice, www.zazitkovelety.cz, Hos\u00edn airport <\/p>\n<p><img loading=\"lazy\" decoding=\"async\" src=\"https:\/\/www.bozioko.cz\/wp-content\/uploads\/2017\/08\/let-560x400.jpg\" width=\"560\" height=\"400\" alt=\"let\" srcset=\"https:\/\/www.bozioko.cz\/wp-content\/uploads\/2017\/08\/let.jpg 560w, https:\/\/www.bozioko.cz\/wp-content\/uploads\/2017\/08\/let-300x214.jpg 300w\" sizes=\"auto, (max-width: 560px) 100vw, 560px\" \/><br \/>\n<img loading=\"lazy\" decoding=\"async\" src=\"https:\/\/www.bozioko.cz\/wp-content\/uploads\/2017\/08\/adrenalin-560x400.jpg\" width=\"560\" height=\"400\" alt=\"adrenalin\" srcset=\"https:\/\/www.bozioko.cz\/wp-content\/uploads\/2017\/08\/adrenalin.jpg 560w, https:\/\/www.bozioko.cz\/wp-content\/uploads\/2017\/08\/adrenalin-300x214.jpg 300w\" sizes=\"auto, (max-width: 560px) 100vw, 560px\" \/><\/p>\n<h2>Safe adrenalin for everyone<br \/><\/h2>\n<p style=\"text-align: center;\">Adrenalin Park Lib\u00edn, www.adrenalin-libin.cz<br \/> Adrenalin Park Hlubok\u00e1, Sport-recreational area Hlubok\u00e1 nad Vltavou,<br \/> www.areal-hluboka.cz <\/p>\n<h2>View on the Lipensk\u00e1 Dam<br \/><\/h2>\n<p style=\"text-align: center;\">\u0160umava and Novohradsk\u00e9 hory \u2013 Route through the tree crowns www.stezkakorunamistromu.cz <\/p>\n<p><img loading=\"lazy\" decoding=\"async\" src=\"https:\/\/www.bozioko.cz\/wp-content\/uploads\/2017\/08\/lipno-560x400.jpg\" width=\"560\" height=\"400\" alt=\"lipno\" srcset=\"https:\/\/www.bozioko.cz\/wp-content\/uploads\/2017\/08\/lipno.jpg 560w, https:\/\/www.bozioko.cz\/wp-content\/uploads\/2017\/08\/lipno-300x214.jpg 300w\" sizes=\"auto, (max-width: 560px) 100vw, 560px\" \/><br \/>\n<img loading=\"lazy\" decoding=\"async\" src=\"https:\/\/www.bozioko.cz\/wp-content\/uploads\/2017\/08\/koupak-560x400.jpg\" width=\"560\" height=\"400\" alt=\"OLYMPUS DIGITAL CAMERA\" srcset=\"https:\/\/www.bozioko.cz\/wp-content\/uploads\/2017\/08\/koupak.jpg 560w, https:\/\/www.bozioko.cz\/wp-content\/uploads\/2017\/08\/koupak-300x214.jpg 300w\" sizes=\"auto, (max-width: 560px) 100vw, 560px\" \/><\/p>\n<h2>For Pro Swimmers<br \/><\/h2>\n<p style=\"text-align: center;\">Natural swimming area with grassy and sandy beach \u2013 Mydl\u00e1k Pond (at the Zliv village) Natural beach at the neighbouring village pond Vlhlavy is also a very good spot for a swim Aquapark Hlubok\u00e1 nad Vltavou \u2013 perfect for family fun <\/p>\n<h2>Honey straight from a beekeeper<br \/><\/h2>\n<p style=\"text-align: center;\">Bee farm Kali\u0161t\u011b u \u010cesk\u00fdch Bud\u011bjovic \u2013 excursions of the farm with degustation and commentary www.medkaliste.com <\/p>\n<p><img loading=\"lazy\" decoding=\"async\" src=\"https:\/\/www.bozioko.cz\/wp-content\/uploads\/2017\/08\/med-560x400.jpg\" width=\"560\" height=\"400\" alt=\"med\" srcset=\"https:\/\/www.bozioko.cz\/wp-content\/uploads\/2017\/08\/med.jpg 560w, https:\/\/www.bozioko.cz\/wp-content\/uploads\/2017\/08\/med-300x214.jpg 300w\" sizes=\"auto, (max-width: 560px) 100vw, 560px\" \/><br \/>\n<img loading=\"lazy\" decoding=\"async\" src=\"https:\/\/www.bozioko.cz\/wp-content\/uploads\/2017\/08\/sklo-560x400.jpg\" width=\"560\" height=\"400\" alt=\"sklo\" srcset=\"https:\/\/www.bozioko.cz\/wp-content\/uploads\/2017\/08\/sklo.jpg 560w, https:\/\/www.bozioko.cz\/wp-content\/uploads\/2017\/08\/sklo-300x214.jpg 300w\" sizes=\"auto, (max-width: 560px) 100vw, 560px\" \/><\/p>\n<h2>Glassworks Hlubok\u00e1<br \/><\/h2>\n<p style=\"text-align: center;\">Blowing glass presentation and commentary tel.: +420 607 164 433<\/p>\n<h2>Brewery<br \/><\/h2>\n<p style=\"text-align: center;\">Excursion of Bud\u011bjovick\u00fd Budvar including commentary, degustation and a visit of the company shop www.visitbudvar.cz<\/p>\n<p><img loading=\"lazy\" decoding=\"async\" src=\"https:\/\/www.bozioko.cz\/wp-content\/uploads\/2017\/08\/budvar-560x400.jpg\" width=\"560\" height=\"400\" alt=\"budvar\" srcset=\"https:\/\/www.bozioko.cz\/wp-content\/uploads\/2017\/08\/budvar.jpg 560w, https:\/\/www.bozioko.cz\/wp-content\/uploads\/2017\/08\/budvar-300x214.jpg 300w\" sizes=\"auto, (max-width: 560px) 100vw, 560px\" \/><br \/>\n<img loading=\"lazy\" decoding=\"async\" src=\"https:\/\/www.bozioko.cz\/wp-content\/uploads\/2017\/08\/kultura-560x400.jpg\" width=\"560\" height=\"400\" alt=\"kultura\" srcset=\"https:\/\/www.bozioko.cz\/wp-content\/uploads\/2017\/08\/kultura.jpg 560w, https:\/\/www.bozioko.cz\/wp-content\/uploads\/2017\/08\/kultura-300x214.jpg 300w\" sizes=\"auto, (max-width: 560px) 100vw, 560px\" \/><\/p>\n<h2>Culture<br \/><\/h2>\n<p style=\"text-align: center;\">Theatre performances take place on the garden of castle Kratochv\u00edle from 21:00 during the summer season \u010cesk\u00fd Krumlov \u2013 Theatre performances on the open air scene with rotary auditorium are amazing experiences.<br \/> \u010cesk\u00e9 Bud\u011bjovice \u2013 Visits of theatres, cinema and galleries. <\/p>\n<h2>Movie Tourism<br \/><\/h2>\n<p style=\"text-align: center;\">Popular Czech comedy and fairy tale director Zden\u011bk Tro\u0161ka has filmed the movies Babov\u0159esky II at our hotel Bo\u017e\u00ed Oko as well as in other neighbouring locations such as Dob\u010dice, Netolice, Pi\u0161t\u00edn, Z\u00e1bo\u0159\u00ed, Hola\u0161ovice, \u010cichtice which are his favourite places for filming fairy tales. <\/p>\n<p><img loading=\"lazy\" decoding=\"async\" src=\"https:\/\/www.bozioko.cz\/wp-content\/uploads\/2017\/08\/988540_362069183916301_137610795_n-560x400.jpg\" width=\"560\" height=\"400\" alt=\"988540_362069183916301_137610795_n\" \/><br \/>\n<img loading=\"lazy\" decoding=\"async\" src=\"https:\/\/www.bozioko.cz\/wp-content\/uploads\/2017\/08\/podzim-560x400.jpg\" width=\"560\" height=\"400\" alt=\"podzim\" srcset=\"https:\/\/www.bozioko.cz\/wp-content\/uploads\/2017\/08\/podzim.jpg 560w, https:\/\/www.bozioko.cz\/wp-content\/uploads\/2017\/08\/podzim-300x214.jpg 300w\" sizes=\"auto, (max-width: 560px) 100vw, 560px\" \/><\/p>\n<h2>Autumn<br \/><\/h2>\n<p style=\"text-align: center;\">Even during this season it is worth visiting us \u2013 you can experience the fishing out of a pond, an attractive spectacle during which you can see the work of professional fishermen and also take the chance to taste delicious Czech fish.<\/p>\n<h2>Winter<br \/><\/h2>\n<p style=\"text-align: center;\">Ski area Zadov in \u0160umava is only 40 minutes away by a car from our hotel. Apart from the rides on the skiing slopes you can also try cross country skiing routes, where our Olympionic champion Kate\u0159ina Neumannov\u00e1 trained her skills. <\/p>\n<p><img loading=\"lazy\" decoding=\"async\" src=\"https:\/\/www.bozioko.cz\/wp-content\/uploads\/2017\/08\/zima-560x400.jpg\" width=\"560\" height=\"400\" alt=\"zima\" srcset=\"https:\/\/www.bozioko.cz\/wp-content\/uploads\/2017\/08\/zima.jpg 560w, https:\/\/www.bozioko.cz\/wp-content\/uploads\/2017\/08\/zima-300x214.jpg 300w\" sizes=\"auto, (max-width: 560px) 100vw, 560px\" \/><!--\/themify_builder_static--><\/p>\n","protected":false},"excerpt":{"rendered":"<p>LEISURE ACTIVITIES Cyclotourism The surroundings of Bo\u017e\u00ed Oko are interweaved by a web of cycle routes \u2013 starting from easy, flat routes leading along ponds or Vltava river, to significantly more challenging routes for more demanding cyclists \u2013 perhaps to the very top of the hill Kle\u0165\u2026 In-line skates Tie your laces and the 10 [&hellip;]<\/p>\n","protected":false},"author":1,"featured_media":0,"parent":0,"menu_order":0,"comment_status":"closed","ping_status":"closed","template":"","meta":{"footnotes":""},"class_list":["post-6168","page","type-page","status-publish","hentry"],"yoast_head":"<!-- This site is optimized with the Yoast SEO plugin v25.4 - https:\/\/yoast.com\/wordpress\/plugins\/seo\/ -->\n<title>LEISURE ACTIVITIES - Wellness hotel Bo\u017e\u00ed oko<\/title>\n<meta name=\"description\" content=\"Take a trip to South Bohemia for a lot of activities such as cycling, in-line, golf, tennis, boat trips, fishing and much more.\" \/>\n<meta name=\"robots\" content=\"index, follow, max-snippet:-1, max-image-preview:large, max-video-preview:-1\" \/>\n<link rel=\"canonical\" href=\"https:\/\/www.bozioko.cz\/en\/leisure-activities\/\" \/>\n<meta property=\"og:locale\" content=\"en_US\" \/>\n<meta property=\"og:type\" content=\"article\" \/>\n<meta property=\"og:title\" content=\"LEISURE ACTIVITIES - Wellness hotel Bo\u017e\u00ed oko\" \/>\n<meta property=\"og:description\" content=\"Take a trip to South Bohemia for a lot of activities such as cycling, in-line, golf, tennis, boat trips, fishing and much more.\" \/>\n<meta property=\"og:url\" content=\"https:\/\/www.bozioko.cz\/en\/leisure-activities\/\" \/>\n<meta property=\"og:site_name\" content=\"Bo\u017e\u00ed Oko\" \/>\n<meta property=\"article:publisher\" content=\"https:\/\/www.facebook.com\/BoziOkoWellnessHotel\/\" \/>\n<meta property=\"article:modified_time\" content=\"2020-02-12T21:14:00+00:00\" \/>\n<meta property=\"og:image\" content=\"https:\/\/www.bozioko.cz\/wp-content\/uploads\/2017\/08\/kolo-560x400.jpg\" \/>\n<meta name=\"twitter:card\" content=\"summary_large_image\" \/>\n<meta name=\"twitter:label1\" content=\"Est. reading time\" \/>\n\t<meta name=\"twitter:data1\" content=\"4 minutes\" \/>\n<script type=\"application\/ld+json\" class=\"yoast-schema-graph\">{\"@context\":\"https:\/\/schema.org\",\"@graph\":[{\"@type\":\"WebPage\",\"@id\":\"https:\/\/www.bozioko.cz\/en\/leisure-activities\/\",\"url\":\"https:\/\/www.bozioko.cz\/en\/leisure-activities\/\",\"name\":\"LEISURE ACTIVITIES - Wellness hotel Bo\u017e\u00ed oko\",\"isPartOf\":{\"@id\":\"https:\/\/www.bozioko.cz\/#website\"},\"primaryImageOfPage\":{\"@id\":\"https:\/\/www.bozioko.cz\/en\/leisure-activities\/#primaryimage\"},\"image\":{\"@id\":\"https:\/\/www.bozioko.cz\/en\/leisure-activities\/#primaryimage\"},\"thumbnailUrl\":\"https:\/\/www.bozioko.cz\/wp-content\/uploads\/2017\/08\/kolo-560x400.jpg\",\"datePublished\":\"2017-09-22T10:34:17+00:00\",\"dateModified\":\"2020-02-12T21:14:00+00:00\",\"description\":\"Take a trip to South Bohemia for a lot of activities such as cycling, in-line, golf, tennis, boat trips, fishing and much more.\",\"breadcrumb\":{\"@id\":\"https:\/\/www.bozioko.cz\/en\/leisure-activities\/#breadcrumb\"},\"inLanguage\":\"en-US\",\"potentialAction\":[{\"@type\":\"ReadAction\",\"target\":[\"https:\/\/www.bozioko.cz\/en\/leisure-activities\/\"]}]},{\"@type\":\"ImageObject\",\"inLanguage\":\"en-US\",\"@id\":\"https:\/\/www.bozioko.cz\/en\/leisure-activities\/#primaryimage\",\"url\":\"https:\/\/www.bozioko.cz\/wp-content\/uploads\/2017\/08\/kolo-560x400.jpg\",\"contentUrl\":\"https:\/\/www.bozioko.cz\/wp-content\/uploads\/2017\/08\/kolo-560x400.jpg\"},{\"@type\":\"BreadcrumbList\",\"@id\":\"https:\/\/www.bozioko.cz\/en\/leisure-activities\/#breadcrumb\",\"itemListElement\":[{\"@type\":\"ListItem\",\"position\":1,\"name\":\"Dom\u016f\",\"item\":\"https:\/\/www.bozioko.cz\/en\/\"},{\"@type\":\"ListItem\",\"position\":2,\"name\":\"LEISURE ACTIVITIES\"}]},{\"@type\":\"WebSite\",\"@id\":\"https:\/\/www.bozioko.cz\/#website\",\"url\":\"https:\/\/www.bozioko.cz\/\",\"name\":\"Bo\u017e\u00ed Oko\",\"description\":\"Wellness hotel\",\"publisher\":{\"@id\":\"https:\/\/www.bozioko.cz\/#organization\"},\"potentialAction\":[{\"@type\":\"SearchAction\",\"target\":{\"@type\":\"EntryPoint\",\"urlTemplate\":\"https:\/\/www.bozioko.cz\/?s={search_term_string}\"},\"query-input\":{\"@type\":\"PropertyValueSpecification\",\"valueRequired\":true,\"valueName\":\"search_term_string\"}}],\"inLanguage\":\"en-US\"},{\"@type\":\"Organization\",\"@id\":\"https:\/\/www.bozioko.cz\/#organization\",\"name\":\"Bo\u017e\u00ed Oko\",\"url\":\"https:\/\/www.bozioko.cz\/\",\"logo\":{\"@type\":\"ImageObject\",\"inLanguage\":\"en-US\",\"@id\":\"https:\/\/www.bozioko.cz\/#\/schema\/logo\/image\/\",\"url\":\"https:\/\/www.bozioko.cz\/wp-content\/uploads\/2016\/08\/test.png\",\"contentUrl\":\"https:\/\/www.bozioko.cz\/wp-content\/uploads\/2016\/08\/test.png\",\"width\":368,\"height\":522,\"caption\":\"Bo\u017e\u00ed Oko\"},\"image\":{\"@id\":\"https:\/\/www.bozioko.cz\/#\/schema\/logo\/image\/\"},\"sameAs\":[\"https:\/\/www.facebook.com\/BoziOkoWellnessHotel\/\"]}]}<\/script>\n<!-- \/ Yoast SEO plugin. -->","yoast_head_json":{"title":"LEISURE ACTIVITIES - Wellness hotel Bo\u017e\u00ed oko","description":"Take a trip to South Bohemia for a lot of activities such as cycling, in-line, golf, tennis, boat trips, fishing and much more.","robots":{"index":"index","follow":"follow","max-snippet":"max-snippet:-1","max-image-preview":"max-image-preview:large","max-video-preview":"max-video-preview:-1"},"canonical":"https:\/\/www.bozioko.cz\/en\/leisure-activities\/","og_locale":"en_US","og_type":"article","og_title":"LEISURE ACTIVITIES - Wellness hotel Bo\u017e\u00ed oko","og_description":"Take a trip to South Bohemia for a lot of activities such as cycling, in-line, golf, tennis, boat trips, fishing and much more.","og_url":"https:\/\/www.bozioko.cz\/en\/leisure-activities\/","og_site_name":"Bo\u017e\u00ed Oko","article_publisher":"https:\/\/www.facebook.com\/BoziOkoWellnessHotel\/","article_modified_time":"2020-02-12T21:14:00+00:00","og_image":[{"url":"https:\/\/www.bozioko.cz\/wp-content\/uploads\/2017\/08\/kolo-560x400.jpg","type":"","width":"","height":""}],"twitter_card":"summary_large_image","twitter_misc":{"Est. reading time":"4 minutes"},"schema":{"@context":"https:\/\/schema.org","@graph":[{"@type":"WebPage","@id":"https:\/\/www.bozioko.cz\/en\/leisure-activities\/","url":"https:\/\/www.bozioko.cz\/en\/leisure-activities\/","name":"LEISURE ACTIVITIES - Wellness hotel Bo\u017e\u00ed oko","isPartOf":{"@id":"https:\/\/www.bozioko.cz\/#website"},"primaryImageOfPage":{"@id":"https:\/\/www.bozioko.cz\/en\/leisure-activities\/#primaryimage"},"image":{"@id":"https:\/\/www.bozioko.cz\/en\/leisure-activities\/#primaryimage"},"thumbnailUrl":"https:\/\/www.bozioko.cz\/wp-content\/uploads\/2017\/08\/kolo-560x400.jpg","datePublished":"2017-09-22T10:34:17+00:00","dateModified":"2020-02-12T21:14:00+00:00","description":"Take a trip to South Bohemia for a lot of activities such as cycling, in-line, golf, tennis, boat trips, fishing and much more.","breadcrumb":{"@id":"https:\/\/www.bozioko.cz\/en\/leisure-activities\/#breadcrumb"},"inLanguage":"en-US","potentialAction":[{"@type":"ReadAction","target":["https:\/\/www.bozioko.cz\/en\/leisure-activities\/"]}]},{"@type":"ImageObject","inLanguage":"en-US","@id":"https:\/\/www.bozioko.cz\/en\/leisure-activities\/#primaryimage","url":"https:\/\/www.bozioko.cz\/wp-content\/uploads\/2017\/08\/kolo-560x400.jpg","contentUrl":"https:\/\/www.bozioko.cz\/wp-content\/uploads\/2017\/08\/kolo-560x400.jpg"},{"@type":"BreadcrumbList","@id":"https:\/\/www.bozioko.cz\/en\/leisure-activities\/#breadcrumb","itemListElement":[{"@type":"ListItem","position":1,"name":"Dom\u016f","item":"https:\/\/www.bozioko.cz\/en\/"},{"@type":"ListItem","position":2,"name":"LEISURE ACTIVITIES"}]},{"@type":"WebSite","@id":"https:\/\/www.bozioko.cz\/#website","url":"https:\/\/www.bozioko.cz\/","name":"Bo\u017e\u00ed Oko","description":"Wellness hotel","publisher":{"@id":"https:\/\/www.bozioko.cz\/#organization"},"potentialAction":[{"@type":"SearchAction","target":{"@type":"EntryPoint","urlTemplate":"https:\/\/www.bozioko.cz\/?s={search_term_string}"},"query-input":{"@type":"PropertyValueSpecification","valueRequired":true,"valueName":"search_term_string"}}],"inLanguage":"en-US"},{"@type":"Organization","@id":"https:\/\/www.bozioko.cz\/#organization","name":"Bo\u017e\u00ed Oko","url":"https:\/\/www.bozioko.cz\/","logo":{"@type":"ImageObject","inLanguage":"en-US","@id":"https:\/\/www.bozioko.cz\/#\/schema\/logo\/image\/","url":"https:\/\/www.bozioko.cz\/wp-content\/uploads\/2016\/08\/test.png","contentUrl":"https:\/\/www.bozioko.cz\/wp-content\/uploads\/2016\/08\/test.png","width":368,"height":522,"caption":"Bo\u017e\u00ed Oko"},"image":{"@id":"https:\/\/www.bozioko.cz\/#\/schema\/logo\/image\/"},"sameAs":["https:\/\/www.facebook.com\/BoziOkoWellnessHotel\/"]}]}},"_links":{"self":[{"href":"https:\/\/www.bozioko.cz\/en\/wp-json\/wp\/v2\/pages\/6168\/"}],"collection":[{"href":"https:\/\/www.bozioko.cz\/en\/wp-json\/wp\/v2\/pages\/"}],"about":[{"href":"https:\/\/www.bozioko.cz\/en\/wp-json\/wp\/v2\/types\/page\/"}],"author":[{"embeddable":true,"href":"https:\/\/www.bozioko.cz\/en\/wp-json\/wp\/v2\/users\/1\/"}],"replies":[{"embeddable":true,"href":"https:\/\/www.bozioko.cz\/en\/wp-json\/wp\/v2\/comments\/?post=6168"}],"version-history":[{"count":4,"href":"https:\/\/www.bozioko.cz\/en\/wp-json\/wp\/v2\/pages\/6168\/revisions\/"}],"predecessor-version":[{"id":6444,"href":"https:\/\/www.bozioko.cz\/en\/wp-json\/wp\/v2\/pages\/6168\/revisions\/6444\/"}],"wp:attachment":[{"href":"https:\/\/www.bozioko.cz\/en\/wp-json\/wp\/v2\/media\/?parent=6168"}],"curies":[{"name":"wp","href":"https:\/\/api.w.org\/{rel}","templated":true}]}}