{"id":6164,"date":"2017-09-22T12:14:47","date_gmt":"2017-09-22T10:14:47","guid":{"rendered":"https:\/\/www.bozioko.cz\/home-copy\/"},"modified":"2021-02-01T14:35:29","modified_gmt":"2021-02-01T13:35:29","slug":"home","status":"publish","type":"page","link":"https:\/\/www.bozioko.cz\/en\/","title":{"rendered":"Home"},"content":{"rendered":"<p><!--themify_builder_static--><img loading=\"lazy\" decoding=\"async\" width=\"270\" height=\"300\" src=\"https:\/\/www.bozioko.cz\/wp-content\/uploads\/2016\/08\/logo_bo.png\" title=\"logo_bo\" alt=\"logo_bo\"><\/p>\n<p>Wellness Hotel<br \/> The oasis of peace and contentment<br \/> In the heart of South Bohemian countryside<\/p>\n<p><a href=\"#o-nas\" > Find out more <\/a><\/p>\n<h2>ABOUT US<br \/>Bo\u017e\u00ed Oko<\/h2>\n<h5>In a small village on the south of Bohemia, in Mal\u00e9 Chr\u00e1\u0161\u0165any between a church and an old tree, lies a gate to paradise, to the oasis of contentment, calmness and peace\u2026<\/h5>\n<p>In a village homestead surrounded by an exquisite nature, amid mysterious forests and silent ponds, a cosy hotel waits for its guests, who can leave their everyday worries and rush behind and indulge themselves in refreshment of a body and mind, gathering new strengths together with positive energy<\/p>\n<p><a href=\"\/en\/about-us\/\" > About us <\/a><br \/>\n<a href=\"https:\/\/www.bozioko.cz\/wp-content\/uploads\/2017\/08\/995845_463639857092566_1470772319_n.jpg\" > <img loading=\"lazy\" decoding=\"async\" src=\"https:\/\/www.bozioko.cz\/wp-content\/uploads\/2017\/08\/995845_463639857092566_1470772319_n-375x340.jpg\" width=\"375\" height=\"340\" title=\"995845_463639857092566_1470772319_n\" alt=\"995845_463639857092566_1470772319_n\"> <\/a><br \/>\n<a href=\"\/wp-content\/uploads\/2016\/08\/6.jpg\" > <img loading=\"lazy\" decoding=\"async\" src=\"https:\/\/www.bozioko.cz\/wp-content\/uploads\/2016\/08\/6-375x340.jpg\" width=\"375\" height=\"340\" title=\"6\" alt=\"6\"> <\/a><br \/>\n<a href=\"\/wp-content\/uploads\/2016\/08\/2.jpg\" > <img loading=\"lazy\" decoding=\"async\" src=\"https:\/\/www.bozioko.cz\/wp-content\/uploads\/2016\/08\/2-375x340.jpg\" width=\"375\" height=\"340\" title=\"2\" alt=\"2\"> <\/a><br \/>\n<a href=\"\/wp-content\/uploads\/2016\/08\/11.jpg\" > <img loading=\"lazy\" decoding=\"async\" src=\"https:\/\/www.bozioko.cz\/wp-content\/uploads\/2016\/08\/11-375x340.jpg\" width=\"375\" height=\"340\" title=\"SONY DSC\" alt=\"SONY DSC\"> <\/a><br \/>\n<a href=\"\/wp-content\/uploads\/2016\/08\/4.jpg\" > <img loading=\"lazy\" decoding=\"async\" src=\"https:\/\/www.bozioko.cz\/wp-content\/uploads\/2016\/08\/4-375x340.jpg\" width=\"375\" height=\"340\" title=\"4\" alt=\"4\"> <\/a><br \/>\n<a href=\"\/wp-content\/uploads\/2016\/08\/8.jpg\" > <img loading=\"lazy\" decoding=\"async\" src=\"https:\/\/www.bozioko.cz\/wp-content\/uploads\/2016\/08\/8-375x340.jpg\" width=\"375\" height=\"340\" title=\"8\" alt=\"8\"> <\/a><br \/>\n<a href=\"\/wp-content\/uploads\/2016\/08\/5.jpg\" > <img loading=\"lazy\" decoding=\"async\" src=\"https:\/\/www.bozioko.cz\/wp-content\/uploads\/2016\/08\/5-375x340.jpg\" width=\"375\" height=\"340\" title=\"5\" alt=\"5\"> <\/a><br \/>\n<a href=\"\/wp-content\/uploads\/2016\/08\/9.jpg\" > <img loading=\"lazy\" decoding=\"async\" src=\"https:\/\/www.bozioko.cz\/wp-content\/uploads\/2016\/08\/9-375x340.jpg\" width=\"375\" height=\"340\" title=\"9\" alt=\"9\"> <\/a><br \/>\n<a href=\"\/wp-content\/uploads\/2016\/08\/7.jpg\" > <img loading=\"lazy\" decoding=\"async\" src=\"https:\/\/www.bozioko.cz\/wp-content\/uploads\/2016\/08\/7-375x340.jpg\" width=\"375\" height=\"340\" title=\"7\" alt=\"7\"> <\/a><br \/>\n<a href=\"\/wp-content\/uploads\/2016\/08\/10.jpg\" > <img loading=\"lazy\" decoding=\"async\" src=\"https:\/\/www.bozioko.cz\/wp-content\/uploads\/2016\/08\/10-375x340.jpg\" width=\"375\" height=\"340\" title=\"10\" alt=\"10\"> <\/a><\/p>\n<h2>HISTORY<br \/>Bo\u017e\u00ed Oko<\/h2>\n<h5>We are often asked by our guests on the history of our homestead. How did it look before the reconstruction, what used to be here earlier, how extensive the reconstruction was.<\/h5>\n<p>We have therefore decided to search in our archives and prepare a bit of a textual and graphical content for our curious guests. <\/p>\n<p><a href=\"\/en\/history\/\" > More <\/a><br \/>\n<a href=\"\/en\/rural-baroque\/\" > Rural baroque <\/a><\/p>\n<h1>Reservation<br \/>Plan a relax<\/h1>\n<h5><em>Make a reservation online now or by a phone and email<\/em><\/h5>\n<h3>+420 777 760 524 | info@hotelbozioko.cz<\/h3>\n<p><a href=\"\/rezervace\" > Reserve a room now <\/a><!--\/themify_builder_static--><\/p>\n","protected":false},"excerpt":{"rendered":"<p>Wellness Hotel The oasis of peace and contentment In the heart of South Bohemian countryside Find out more ABOUT USBo\u017e\u00ed Oko In a small village on the south of Bohemia, in Mal\u00e9 Chr\u00e1\u0161\u0165any between a church and an old tree, lies a gate to paradise, to the oasis of contentment, calmness and peace\u2026 In a [&hellip;]<\/p>\n","protected":false},"author":1,"featured_media":0,"parent":0,"menu_order":0,"comment_status":"closed","ping_status":"closed","template":"","meta":{"footnotes":""},"class_list":["post-6164","page","type-page","status-publish","hentry"],"yoast_head":"<!-- This site is optimized with the Yoast SEO plugin v25.4 - https:\/\/yoast.com\/wordpress\/plugins\/seo\/ -->\n<title>Wellness hotel Bo\u017e\u00ed oko - the most beautiful hotel in South Bohemia<\/title>\n<meta name=\"description\" content=\"Visit the oasis of peace and quiet in South Bohemia. Own wellness, quality restaurant, gym, whirlpool, this is just a few attractions. Explore Southern Bohemia.\" \/>\n<meta name=\"robots\" content=\"index, follow, max-snippet:-1, max-image-preview:large, max-video-preview:-1\" \/>\n<link rel=\"canonical\" href=\"https:\/\/www.bozioko.cz\/en\/\" \/>\n<meta property=\"og:locale\" content=\"en_US\" \/>\n<meta property=\"og:type\" content=\"article\" \/>\n<meta property=\"og:title\" content=\"Wellness hotel Bo\u017e\u00ed oko - the most beautiful hotel in South Bohemia\" \/>\n<meta property=\"og:description\" content=\"Visit the oasis of peace and quiet in South Bohemia. Own wellness, quality restaurant, gym, whirlpool, this is just a few attractions. Explore Southern Bohemia.\" \/>\n<meta property=\"og:url\" content=\"https:\/\/www.bozioko.cz\/en\/\" \/>\n<meta property=\"og:site_name\" content=\"Bo\u017e\u00ed Oko\" \/>\n<meta property=\"article:publisher\" content=\"https:\/\/www.facebook.com\/BoziOkoWellnessHotel\/\" \/>\n<meta property=\"article:modified_time\" content=\"2021-02-01T13:35:29+00:00\" \/>\n<meta property=\"og:image\" content=\"https:\/\/www.bozioko.cz\/wp-content\/uploads\/2016\/08\/logo_bo.png\" \/>\n<meta name=\"twitter:card\" content=\"summary_large_image\" \/>\n<meta name=\"twitter:label1\" content=\"Est. reading time\" \/>\n\t<meta name=\"twitter:data1\" content=\"1 minute\" \/>\n<script type=\"application\/ld+json\" class=\"yoast-schema-graph\">{\"@context\":\"https:\/\/schema.org\",\"@graph\":[{\"@type\":\"WebPage\",\"@id\":\"https:\/\/www.bozioko.cz\/en\/\",\"url\":\"https:\/\/www.bozioko.cz\/en\/\",\"name\":\"Wellness hotel Bo\u017e\u00ed oko - the most beautiful hotel in South Bohemia\",\"isPartOf\":{\"@id\":\"https:\/\/www.bozioko.cz\/#website\"},\"primaryImageOfPage\":{\"@id\":\"https:\/\/www.bozioko.cz\/en\/#primaryimage\"},\"image\":{\"@id\":\"https:\/\/www.bozioko.cz\/en\/#primaryimage\"},\"thumbnailUrl\":\"https:\/\/www.bozioko.cz\/wp-content\/uploads\/2016\/08\/logo_bo.png\",\"datePublished\":\"2017-09-22T10:14:47+00:00\",\"dateModified\":\"2021-02-01T13:35:29+00:00\",\"description\":\"Visit the oasis of peace and quiet in South Bohemia. Own wellness, quality restaurant, gym, whirlpool, this is just a few attractions. Explore Southern Bohemia.\",\"breadcrumb\":{\"@id\":\"https:\/\/www.bozioko.cz\/en\/#breadcrumb\"},\"inLanguage\":\"en-US\",\"potentialAction\":[{\"@type\":\"ReadAction\",\"target\":[\"https:\/\/www.bozioko.cz\/en\/\"]}]},{\"@type\":\"ImageObject\",\"inLanguage\":\"en-US\",\"@id\":\"https:\/\/www.bozioko.cz\/en\/#primaryimage\",\"url\":\"https:\/\/www.bozioko.cz\/wp-content\/uploads\/2016\/08\/logo_bo.png\",\"contentUrl\":\"https:\/\/www.bozioko.cz\/wp-content\/uploads\/2016\/08\/logo_bo.png\"},{\"@type\":\"BreadcrumbList\",\"@id\":\"https:\/\/www.bozioko.cz\/en\/#breadcrumb\",\"itemListElement\":[{\"@type\":\"ListItem\",\"position\":1,\"name\":\"Dom\u016f\",\"item\":\"https:\/\/www.bozioko.cz\/en\/\"},{\"@type\":\"ListItem\",\"position\":2,\"name\":\"Home\"}]},{\"@type\":\"WebSite\",\"@id\":\"https:\/\/www.bozioko.cz\/#website\",\"url\":\"https:\/\/www.bozioko.cz\/\",\"name\":\"Bo\u017e\u00ed Oko\",\"description\":\"Wellness hotel\",\"publisher\":{\"@id\":\"https:\/\/www.bozioko.cz\/#organization\"},\"potentialAction\":[{\"@type\":\"SearchAction\",\"target\":{\"@type\":\"EntryPoint\",\"urlTemplate\":\"https:\/\/www.bozioko.cz\/?s={search_term_string}\"},\"query-input\":{\"@type\":\"PropertyValueSpecification\",\"valueRequired\":true,\"valueName\":\"search_term_string\"}}],\"inLanguage\":\"en-US\"},{\"@type\":\"Organization\",\"@id\":\"https:\/\/www.bozioko.cz\/#organization\",\"name\":\"Bo\u017e\u00ed Oko\",\"url\":\"https:\/\/www.bozioko.cz\/\",\"logo\":{\"@type\":\"ImageObject\",\"inLanguage\":\"en-US\",\"@id\":\"https:\/\/www.bozioko.cz\/#\/schema\/logo\/image\/\",\"url\":\"https:\/\/www.bozioko.cz\/wp-content\/uploads\/2016\/08\/test.png\",\"contentUrl\":\"https:\/\/www.bozioko.cz\/wp-content\/uploads\/2016\/08\/test.png\",\"width\":368,\"height\":522,\"caption\":\"Bo\u017e\u00ed Oko\"},\"image\":{\"@id\":\"https:\/\/www.bozioko.cz\/#\/schema\/logo\/image\/\"},\"sameAs\":[\"https:\/\/www.facebook.com\/BoziOkoWellnessHotel\/\"]}]}<\/script>\n<!-- \/ Yoast SEO plugin. -->","yoast_head_json":{"title":"Wellness hotel Bo\u017e\u00ed oko - the most beautiful hotel in South Bohemia","description":"Visit the oasis of peace and quiet in South Bohemia. Own wellness, quality restaurant, gym, whirlpool, this is just a few attractions. Explore Southern Bohemia.","robots":{"index":"index","follow":"follow","max-snippet":"max-snippet:-1","max-image-preview":"max-image-preview:large","max-video-preview":"max-video-preview:-1"},"canonical":"https:\/\/www.bozioko.cz\/en\/","og_locale":"en_US","og_type":"article","og_title":"Wellness hotel Bo\u017e\u00ed oko - the most beautiful hotel in South Bohemia","og_description":"Visit the oasis of peace and quiet in South Bohemia. Own wellness, quality restaurant, gym, whirlpool, this is just a few attractions. Explore Southern Bohemia.","og_url":"https:\/\/www.bozioko.cz\/en\/","og_site_name":"Bo\u017e\u00ed Oko","article_publisher":"https:\/\/www.facebook.com\/BoziOkoWellnessHotel\/","article_modified_time":"2021-02-01T13:35:29+00:00","og_image":[{"url":"https:\/\/www.bozioko.cz\/wp-content\/uploads\/2016\/08\/logo_bo.png","type":"","width":"","height":""}],"twitter_card":"summary_large_image","twitter_misc":{"Est. reading time":"1 minute"},"schema":{"@context":"https:\/\/schema.org","@graph":[{"@type":"WebPage","@id":"https:\/\/www.bozioko.cz\/en\/","url":"https:\/\/www.bozioko.cz\/en\/","name":"Wellness hotel Bo\u017e\u00ed oko - the most beautiful hotel in South Bohemia","isPartOf":{"@id":"https:\/\/www.bozioko.cz\/#website"},"primaryImageOfPage":{"@id":"https:\/\/www.bozioko.cz\/en\/#primaryimage"},"image":{"@id":"https:\/\/www.bozioko.cz\/en\/#primaryimage"},"thumbnailUrl":"https:\/\/www.bozioko.cz\/wp-content\/uploads\/2016\/08\/logo_bo.png","datePublished":"2017-09-22T10:14:47+00:00","dateModified":"2021-02-01T13:35:29+00:00","description":"Visit the oasis of peace and quiet in South Bohemia. Own wellness, quality restaurant, gym, whirlpool, this is just a few attractions. Explore Southern Bohemia.","breadcrumb":{"@id":"https:\/\/www.bozioko.cz\/en\/#breadcrumb"},"inLanguage":"en-US","potentialAction":[{"@type":"ReadAction","target":["https:\/\/www.bozioko.cz\/en\/"]}]},{"@type":"ImageObject","inLanguage":"en-US","@id":"https:\/\/www.bozioko.cz\/en\/#primaryimage","url":"https:\/\/www.bozioko.cz\/wp-content\/uploads\/2016\/08\/logo_bo.png","contentUrl":"https:\/\/www.bozioko.cz\/wp-content\/uploads\/2016\/08\/logo_bo.png"},{"@type":"BreadcrumbList","@id":"https:\/\/www.bozioko.cz\/en\/#breadcrumb","itemListElement":[{"@type":"ListItem","position":1,"name":"Dom\u016f","item":"https:\/\/www.bozioko.cz\/en\/"},{"@type":"ListItem","position":2,"name":"Home"}]},{"@type":"WebSite","@id":"https:\/\/www.bozioko.cz\/#website","url":"https:\/\/www.bozioko.cz\/","name":"Bo\u017e\u00ed Oko","description":"Wellness hotel","publisher":{"@id":"https:\/\/www.bozioko.cz\/#organization"},"potentialAction":[{"@type":"SearchAction","target":{"@type":"EntryPoint","urlTemplate":"https:\/\/www.bozioko.cz\/?s={search_term_string}"},"query-input":{"@type":"PropertyValueSpecification","valueRequired":true,"valueName":"search_term_string"}}],"inLanguage":"en-US"},{"@type":"Organization","@id":"https:\/\/www.bozioko.cz\/#organization","name":"Bo\u017e\u00ed Oko","url":"https:\/\/www.bozioko.cz\/","logo":{"@type":"ImageObject","inLanguage":"en-US","@id":"https:\/\/www.bozioko.cz\/#\/schema\/logo\/image\/","url":"https:\/\/www.bozioko.cz\/wp-content\/uploads\/2016\/08\/test.png","contentUrl":"https:\/\/www.bozioko.cz\/wp-content\/uploads\/2016\/08\/test.png","width":368,"height":522,"caption":"Bo\u017e\u00ed Oko"},"image":{"@id":"https:\/\/www.bozioko.cz\/#\/schema\/logo\/image\/"},"sameAs":["https:\/\/www.facebook.com\/BoziOkoWellnessHotel\/"]}]}},"_links":{"self":[{"href":"https:\/\/www.bozioko.cz\/en\/wp-json\/wp\/v2\/pages\/6164\/"}],"collection":[{"href":"https:\/\/www.bozioko.cz\/en\/wp-json\/wp\/v2\/pages\/"}],"about":[{"href":"https:\/\/www.bozioko.cz\/en\/wp-json\/wp\/v2\/types\/page\/"}],"author":[{"embeddable":true,"href":"https:\/\/www.bozioko.cz\/en\/wp-json\/wp\/v2\/users\/1\/"}],"replies":[{"embeddable":true,"href":"https:\/\/www.bozioko.cz\/en\/wp-json\/wp\/v2\/comments\/?post=6164"}],"version-history":[{"count":7,"href":"https:\/\/www.bozioko.cz\/en\/wp-json\/wp\/v2\/pages\/6164\/revisions\/"}],"predecessor-version":[{"id":6693,"href":"https:\/\/www.bozioko.cz\/en\/wp-json\/wp\/v2\/pages\/6164\/revisions\/6693\/"}],"wp:attachment":[{"href":"https:\/\/www.bozioko.cz\/en\/wp-json\/wp\/v2\/media\/?parent=6164"}],"curies":[{"name":"wp","href":"https:\/\/api.w.org\/{rel}","templated":true}]}}