{"id":7815,"date":"2020-05-19T11:37:11","date_gmt":"2020-05-19T09:37:11","guid":{"rendered":"https:\/\/www.bozioko.cz\/?page_id=7815"},"modified":"2020-05-19T11:41:37","modified_gmt":"2020-05-19T09:41:37","slug":"buchung","status":"publish","type":"page","link":"https:\/\/www.bozioko.cz\/de\/buchung\/","title":{"rendered":"Buchung"},"content":{"rendered":"<p><!-- Reservation PLUS start --><br \/>\n<script type=\"text\/javascript\" src=\"https:\/\/booking.previo.cz\/iframe\/\"><\/script><br \/>\n<iframe loading=\"lazy\" id=\"previo-booking-iframe\" src=\"https:\/\/booking.previo.cz\/?hotId=750907&#038;lang=de\" name=\"previo-booking-iframe\" width=\"100%\" height=\"2000\" frameborder=\"0\" scrolling=\"no\"><\/iframe><br \/>\n<!-- Reservation PLUS end --><\/p>\n<p style=\"text-align: center;\">Check &#8211; in pro ubytov\u00e1n\u00ed: od 15:00 do 22:00<\/p>\n<p style=\"text-align: center;\">Check &#8211; out pro ubytov\u00e1n\u00ed: do 11:00<br \/>\nJe mo\u017en\u00e9 si check &#8211; out prodlou\u017eit do 13:00 za poplatek 300 K\u010d\/osoba<\/p>\n<p style=\"text-align: center;\">Pobyt s pejsky je mo\u017en\u00fd pouze do p\u0159\u00edzemn\u00edch pokoj\u016f Comfort. Pobyt s pejskem v\u017edy nejd\u0159\u00edve konzultujte s recepc\u00ed hotelu. Poplatek za ubytov\u00e1n\u00ed s pejskem je 250 K\u010d\/noc.<\/p>\n","protected":false},"excerpt":{"rendered":"<p>Check &#8211; in pro ubytov\u00e1n\u00ed: od 15:00 do 22:00 Check &#8211; out pro ubytov\u00e1n\u00ed: do 11:00 Je mo\u017en\u00e9 si check &#8211; out prodlou\u017eit do 13:00 za poplatek 300 K\u010d\/osoba Pobyt s pejsky je mo\u017en\u00fd pouze do p\u0159\u00edzemn\u00edch pokoj\u016f Comfort. Pobyt s pejskem v\u017edy nejd\u0159\u00edve konzultujte s recepc\u00ed hotelu. Poplatek za ubytov\u00e1n\u00ed s pejskem je 250 [&hellip;]<\/p>\n","protected":false},"author":1,"featured_media":0,"parent":0,"menu_order":0,"comment_status":"closed","ping_status":"closed","template":"","meta":{"footnotes":""},"class_list":["post-7815","page","type-page","status-publish","hentry"],"yoast_head":"<!-- This site is optimized with the Yoast SEO plugin v25.4 - https:\/\/yoast.com\/wordpress\/plugins\/seo\/ -->\n<title>Buchung - Bo\u017e\u00ed Oko<\/title>\n<meta name=\"robots\" content=\"index, follow, max-snippet:-1, max-image-preview:large, max-video-preview:-1\" \/>\n<link rel=\"canonical\" href=\"https:\/\/www.bozioko.cz\/de\/buchung\/\" \/>\n<meta property=\"og:locale\" content=\"de_DE\" \/>\n<meta property=\"og:type\" content=\"article\" \/>\n<meta property=\"og:title\" content=\"Buchung - Bo\u017e\u00ed Oko\" \/>\n<meta property=\"og:description\" content=\"Check &#8211; in pro ubytov\u00e1n\u00ed: od 15:00 do 22:00 Check &#8211; out pro ubytov\u00e1n\u00ed: do 11:00 Je mo\u017en\u00e9 si check &#8211; out prodlou\u017eit do 13:00 za poplatek 300 K\u010d\/osoba Pobyt s pejsky je mo\u017en\u00fd pouze do p\u0159\u00edzemn\u00edch pokoj\u016f Comfort. Pobyt s pejskem v\u017edy nejd\u0159\u00edve konzultujte s recepc\u00ed hotelu. Poplatek za ubytov\u00e1n\u00ed s pejskem je 250 [&hellip;]\" \/>\n<meta property=\"og:url\" content=\"https:\/\/www.bozioko.cz\/de\/buchung\/\" \/>\n<meta property=\"og:site_name\" content=\"Bo\u017e\u00ed Oko\" \/>\n<meta property=\"article:publisher\" content=\"https:\/\/www.facebook.com\/BoziOkoWellnessHotel\/\" \/>\n<meta property=\"article:modified_time\" content=\"2020-05-19T09:41:37+00:00\" \/>\n<meta property=\"og:image\" content=\"https:\/\/www.bozioko.cz\/wp-content\/uploads\/2016\/08\/test.png\" \/>\n\t<meta property=\"og:image:width\" content=\"368\" \/>\n\t<meta property=\"og:image:height\" content=\"522\" \/>\n\t<meta property=\"og:image:type\" content=\"image\/png\" \/>\n<meta name=\"twitter:card\" content=\"summary_large_image\" \/>\n<script type=\"application\/ld+json\" class=\"yoast-schema-graph\">{\"@context\":\"https:\/\/schema.org\",\"@graph\":[{\"@type\":\"WebPage\",\"@id\":\"https:\/\/www.bozioko.cz\/de\/buchung\/\",\"url\":\"https:\/\/www.bozioko.cz\/de\/buchung\/\",\"name\":\"Buchung - Bo\u017e\u00ed Oko\",\"isPartOf\":{\"@id\":\"https:\/\/www.bozioko.cz\/#website\"},\"datePublished\":\"2020-05-19T09:37:11+00:00\",\"dateModified\":\"2020-05-19T09:41:37+00:00\",\"breadcrumb\":{\"@id\":\"https:\/\/www.bozioko.cz\/de\/buchung\/#breadcrumb\"},\"inLanguage\":\"de\",\"potentialAction\":[{\"@type\":\"ReadAction\",\"target\":[\"https:\/\/www.bozioko.cz\/de\/buchung\/\"]}]},{\"@type\":\"BreadcrumbList\",\"@id\":\"https:\/\/www.bozioko.cz\/de\/buchung\/#breadcrumb\",\"itemListElement\":[{\"@type\":\"ListItem\",\"position\":1,\"name\":\"Dom\u016f\",\"item\":\"https:\/\/www.bozioko.cz\/de\/\"},{\"@type\":\"ListItem\",\"position\":2,\"name\":\"Buchung\"}]},{\"@type\":\"WebSite\",\"@id\":\"https:\/\/www.bozioko.cz\/#website\",\"url\":\"https:\/\/www.bozioko.cz\/\",\"name\":\"Bo\u017e\u00ed Oko\",\"description\":\"Wellness hotel\",\"publisher\":{\"@id\":\"https:\/\/www.bozioko.cz\/#organization\"},\"potentialAction\":[{\"@type\":\"SearchAction\",\"target\":{\"@type\":\"EntryPoint\",\"urlTemplate\":\"https:\/\/www.bozioko.cz\/?s={search_term_string}\"},\"query-input\":{\"@type\":\"PropertyValueSpecification\",\"valueRequired\":true,\"valueName\":\"search_term_string\"}}],\"inLanguage\":\"de\"},{\"@type\":\"Organization\",\"@id\":\"https:\/\/www.bozioko.cz\/#organization\",\"name\":\"Bo\u017e\u00ed Oko\",\"url\":\"https:\/\/www.bozioko.cz\/\",\"logo\":{\"@type\":\"ImageObject\",\"inLanguage\":\"de\",\"@id\":\"https:\/\/www.bozioko.cz\/#\/schema\/logo\/image\/\",\"url\":\"https:\/\/www.bozioko.cz\/wp-content\/uploads\/2016\/08\/test.png\",\"contentUrl\":\"https:\/\/www.bozioko.cz\/wp-content\/uploads\/2016\/08\/test.png\",\"width\":368,\"height\":522,\"caption\":\"Bo\u017e\u00ed Oko\"},\"image\":{\"@id\":\"https:\/\/www.bozioko.cz\/#\/schema\/logo\/image\/\"},\"sameAs\":[\"https:\/\/www.facebook.com\/BoziOkoWellnessHotel\/\"]}]}<\/script>\n<!-- \/ Yoast SEO plugin. -->","yoast_head_json":{"title":"Buchung - Bo\u017e\u00ed Oko","robots":{"index":"index","follow":"follow","max-snippet":"max-snippet:-1","max-image-preview":"max-image-preview:large","max-video-preview":"max-video-preview:-1"},"canonical":"https:\/\/www.bozioko.cz\/de\/buchung\/","og_locale":"de_DE","og_type":"article","og_title":"Buchung - Bo\u017e\u00ed Oko","og_description":"Check &#8211; in pro ubytov\u00e1n\u00ed: od 15:00 do 22:00 Check &#8211; out pro ubytov\u00e1n\u00ed: do 11:00 Je mo\u017en\u00e9 si check &#8211; out prodlou\u017eit do 13:00 za poplatek 300 K\u010d\/osoba Pobyt s pejsky je mo\u017en\u00fd pouze do p\u0159\u00edzemn\u00edch pokoj\u016f Comfort. Pobyt s pejskem v\u017edy nejd\u0159\u00edve konzultujte s recepc\u00ed hotelu. Poplatek za ubytov\u00e1n\u00ed s pejskem je 250 [&hellip;]","og_url":"https:\/\/www.bozioko.cz\/de\/buchung\/","og_site_name":"Bo\u017e\u00ed Oko","article_publisher":"https:\/\/www.facebook.com\/BoziOkoWellnessHotel\/","article_modified_time":"2020-05-19T09:41:37+00:00","og_image":[{"width":368,"height":522,"url":"https:\/\/www.bozioko.cz\/wp-content\/uploads\/2016\/08\/test.png","type":"image\/png"}],"twitter_card":"summary_large_image","schema":{"@context":"https:\/\/schema.org","@graph":[{"@type":"WebPage","@id":"https:\/\/www.bozioko.cz\/de\/buchung\/","url":"https:\/\/www.bozioko.cz\/de\/buchung\/","name":"Buchung - Bo\u017e\u00ed Oko","isPartOf":{"@id":"https:\/\/www.bozioko.cz\/#website"},"datePublished":"2020-05-19T09:37:11+00:00","dateModified":"2020-05-19T09:41:37+00:00","breadcrumb":{"@id":"https:\/\/www.bozioko.cz\/de\/buchung\/#breadcrumb"},"inLanguage":"de","potentialAction":[{"@type":"ReadAction","target":["https:\/\/www.bozioko.cz\/de\/buchung\/"]}]},{"@type":"BreadcrumbList","@id":"https:\/\/www.bozioko.cz\/de\/buchung\/#breadcrumb","itemListElement":[{"@type":"ListItem","position":1,"name":"Dom\u016f","item":"https:\/\/www.bozioko.cz\/de\/"},{"@type":"ListItem","position":2,"name":"Buchung"}]},{"@type":"WebSite","@id":"https:\/\/www.bozioko.cz\/#website","url":"https:\/\/www.bozioko.cz\/","name":"Bo\u017e\u00ed Oko","description":"Wellness hotel","publisher":{"@id":"https:\/\/www.bozioko.cz\/#organization"},"potentialAction":[{"@type":"SearchAction","target":{"@type":"EntryPoint","urlTemplate":"https:\/\/www.bozioko.cz\/?s={search_term_string}"},"query-input":{"@type":"PropertyValueSpecification","valueRequired":true,"valueName":"search_term_string"}}],"inLanguage":"de"},{"@type":"Organization","@id":"https:\/\/www.bozioko.cz\/#organization","name":"Bo\u017e\u00ed Oko","url":"https:\/\/www.bozioko.cz\/","logo":{"@type":"ImageObject","inLanguage":"de","@id":"https:\/\/www.bozioko.cz\/#\/schema\/logo\/image\/","url":"https:\/\/www.bozioko.cz\/wp-content\/uploads\/2016\/08\/test.png","contentUrl":"https:\/\/www.bozioko.cz\/wp-content\/uploads\/2016\/08\/test.png","width":368,"height":522,"caption":"Bo\u017e\u00ed Oko"},"image":{"@id":"https:\/\/www.bozioko.cz\/#\/schema\/logo\/image\/"},"sameAs":["https:\/\/www.facebook.com\/BoziOkoWellnessHotel\/"]}]}},"_links":{"self":[{"href":"https:\/\/www.bozioko.cz\/de\/wp-json\/wp\/v2\/pages\/7815\/"}],"collection":[{"href":"https:\/\/www.bozioko.cz\/de\/wp-json\/wp\/v2\/pages\/"}],"about":[{"href":"https:\/\/www.bozioko.cz\/de\/wp-json\/wp\/v2\/types\/page\/"}],"author":[{"embeddable":true,"href":"https:\/\/www.bozioko.cz\/de\/wp-json\/wp\/v2\/users\/1\/"}],"replies":[{"embeddable":true,"href":"https:\/\/www.bozioko.cz\/de\/wp-json\/wp\/v2\/comments\/?post=7815"}],"version-history":[{"count":6,"href":"https:\/\/www.bozioko.cz\/de\/wp-json\/wp\/v2\/pages\/7815\/revisions\/"}],"predecessor-version":[{"id":7823,"href":"https:\/\/www.bozioko.cz\/de\/wp-json\/wp\/v2\/pages\/7815\/revisions\/7823\/"}],"wp:attachment":[{"href":"https:\/\/www.bozioko.cz\/de\/wp-json\/wp\/v2\/media\/?parent=7815"}],"curies":[{"name":"wp","href":"https:\/\/api.w.org\/{rel}","templated":true}]}}