{"id":6786,"date":"2017-09-17T21:18:23","date_gmt":"2017-09-17T19:18:23","guid":{"rendered":"https:\/\/www.bozioko.cz\/pobytove-balicky\/"},"modified":"2020-02-12T05:40:36","modified_gmt":"2020-02-12T04:40:36","slug":"aufenthaltspaketen","status":"publish","type":"page","link":"https:\/\/www.bozioko.cz\/de\/aufenthaltspaketen\/","title":{"rendered":"Aufenthaltspaketen"},"content":{"rendered":"<p><!--themify_builder_static--><\/p>\n<h1>Aufenthaltspaketen<br \/>Bo\u017e\u00ed Oko<\/h1>\n<p style=\"text-align: center;\">Treffen Sie unser Angebot von Aufenthaltspaketen. Kostenlose Parkpl\u00e4tze, WLAN im gesamten Geb\u00e4ude, Handt\u00fccher, Badem\u00e4ntel, Haartrockner und Hotelkosmetik stehen in jedem Zimmer zur Verf\u00fcgung. Haustiere sind gegen eine zus\u00e4tzliche Geb\u00fchr von 250, &#8211; CZK \u00a0pro Tag in Zimmern Comfort erlaubt<\/p>\n<p style=\"text-align: center;\"><strong>Aufenthaltspakete k\u00f6nnen in den folgenden Monaten genutzt werden: Januar-Mai und September-Dezember, sofern nicht anders\u00a0 angegeben ist.<\/strong><\/p>\n<p style=\"text-align: center;\"><strong>Wir k\u00f6nnen Ihre Pakete nach Ihren Anforderungen anpassen.<\/strong><\/p>\n<h2>Sommer Komfort<br \/>Aufenthaltspaket<\/h2>\n<p style=\"text-align: center;\">Unterkunft f\u00fcr 2 Personen in einem\u00a0 Zimmer Komfort f\u00fcr 6 N\u00e4chte<br \/>6 x reichhaltiges Fr\u00fchst\u00fccksbuffet f\u00fcr 2 Personen<br \/>6x Abendessen durch Auswahl des Hauptgerichtes aus dem Abendmen\u00fc f\u00fcr 2 Personen<br \/>1x Zugang zum privaten Wellness f\u00fcr 2 Personen<br \/>2x 60 Minuten Massage nach Ihrer Wahl<\/p>\n<p style=\"text-align: center;\"><strong>Der Paketpreis betr\u00e4gt 19\u00a0900 K\u010d<br \/><\/strong><em>(Dieses Paket kann nur im Juni, Juli und August verwendet werden.)<\/em><\/p>\n<p style=\"text-align: center;\"><strong>\u00a0<\/strong><\/p>\n<p><a href=\"mailto:info@hotelbozioko.cz\" target=\"_blank\" rel=\"noopener\"> E-mail : info@hotelbozioko.cz <\/a><\/p>\n<h2>Sommer Exclusive<br \/>Aufenthaltspaket<\/h2>\n<p style=\"text-align: center;\">Unterkunft f\u00fcr 2 Personen in einem Zimmer Exclusive f\u00fcr 6 N\u00e4chte<br \/>6 x reichhaltiges Fr\u00fchst\u00fccksbuffet f\u00fcr 2 Personen<br \/>6x Abendessen durch Auswahl des Hauptgerichtes aus dem Abendmen\u00fc 2 Personen<br \/>1x Zugang zum privaten Wellness f\u00fcr 2 Personen<br \/>2x 60 Minuten Massage nach Ihrer Wahl<\/p>\n<p style=\"text-align: center;\"><strong>Der Paketpreis betr\u00e4gt 23 900 K\u010d<br \/><\/strong><em>(Dieses Paket kann nur im Juni, Juli und August verwendet werden.)<\/em><\/p>\n<p style=\"text-align: center;\"><strong>\u00a0<\/strong><\/p>\n<p><a href=\"mailto:info@hotelbozioko.cz\" target=\"_blank\" rel=\"noopener\"> E-mail : info@hotelbozioko.cz <\/a><\/p>\n<h2>Relax Comfort 1<br \/>Aufenthaltspaket<\/h2>\n<p style=\"text-align: center;\">Unterkunft f\u00fcr zwei Personen in einem Zimmer Komfortf\u00fcr 1 Nacht<br \/>Begr\u00fc\u00dfungsgetr\u00e4nk<br \/>1x reichhaltiges Fr\u00fchst\u00fccksbuffet<br \/>1x Abendessen durch Auswahl des Hauptgerichtes aus dem Abendmen\u00fc<br \/>1x 60min Relax im privaten Candlelight-Wellness, einer Flasche gek\u00fchltem Sekt, Zitronenwasser, Badem\u00e4nteln, Badet\u00fcchern und entspannender Musik<\/p>\n<p style=\"text-align: center;\"><strong>Der Paketpreis betr\u00e4gt 3 190 K\u010d<\/strong><\/p>\n<p><a href=\"mailto:info@hotelbozioko.cz\" target=\"_blank\" rel=\"noopener\"> E-mail : info@hotelbozioko.cz <\/a><\/p>\n<h2>Relax Comfort 2<br \/>Aufenthaltspaket<\/h2>\n<p style=\"text-align: center;\">Unterkunft f\u00fcr zwei Personen in einem Zimmer Komfortf\u00fcr 2 N\u00e4chte<br \/>Begr\u00fc\u00dfungsgetr\u00e4nk<br \/>2x reichhaltiges Fr\u00fchst\u00fccksbuffet<br \/>2x Abendessen durch Auswahl des Hauptgerichtes aus dem Abendmen\u00fc<br \/>1x 60min Relax im privaten Candlelight-Wellness, einer Flasche gek\u00fchltem Sekt, Zitronenwasser, Badem\u00e4nteln, Badet\u00fcchern und entspannender Musik<\/p>\n<p style=\"text-align: center;\"><strong>Der Paketpreis betr\u00e4gt 5 900 K\u010d<\/strong><\/p>\n<p><a href=\"mailto:info@hotelbozioko.cz\" target=\"_blank\" rel=\"noopener\"> E-mail : info@hotelbozioko.cz <\/a><\/p>\n<h2>Romantiker Exclusive<br \/>Aufenthaltpaket<\/h2>\n<p style=\"text-align: center;\">Unterkunft f\u00fcr zwei im Zimmer Exclusive f\u00fcr 2 N\u00e4chte<br \/>Romantisches Willkommen im Zimmer mit einer Flasche guten Wein und einer Obstplatte<br \/>2x reichhaltiges Fr\u00fchst\u00fccksbuffet<br \/>2x Abendessen durch Auswahl des Hauptgerichtes aus dem Abendmen\u00fc<br \/>1x 60min Relax im privaten Kerzenlicht Wellness, eine Flasche gek\u00fchlten Sekt, Zitronenwasser, Badem\u00e4ntel, Badet\u00fccher und entspannende Musik<br \/>2x 60min entspannende Aromamassage<\/p>\n<p style=\"text-align: center;\"><strong>Der Paketpreis betr\u00e4gt 9\u00a0490 K\u010d<\/strong><\/p>\n<p><a href=\"mailto:info@hotelbozioko.cz\" target=\"_blank\" rel=\"noopener\"> E-mail : info@hotelbozioko.cz <\/a><\/p>\n<h2>Romantiker Komfort<br \/>Aufenthaltpaket<\/h2>\n<p style=\"text-align: center;\">Unterkunft f\u00fcr zwei Personen in einem Zimmer Komfort f\u00fcr 2 N\u00e4chte<br \/>Romantisches Willkommen im Zimmer mit einer Flasche guten Wein und einer Obstplatte<br \/>2x reichhaltiges Fr\u00fchst\u00fccksbuffet<br \/>2x Abendessen durch Auswahl des Hauptgerichtes aus dem Abendmen\u00fc<br \/>1x 60min Relax im privaten Kerzenlicht Wellness, eine Flasche gek\u00fchlten Sekt, Zitronenwasser, Badem\u00e4ntel, Badet\u00fccher und entspannende Musik<br \/>2x 60min entspannende Aromamassage<\/p>\n<p style=\"text-align: center;\"><strong>Der Paketpreis betr\u00e4gt: 8 390 K\u010d<\/strong><\/p>\n<p><a href=\"mailto:info@hotelbozioko.cz\" target=\"_blank\" rel=\"noopener\"> E-mail : info@hotelbozioko.cz <\/a><\/p>\n<h2>Aufenthaltpaket Hot Komfort<br \/>Montag \u2013 Donnerstag ( 3 N\u00e4chte)<\/h2>\n<p style=\"text-align: center;\">Unterkunft f\u00fcr zwei Personen in einem Zimmer Komfort f\u00fcr 3 N\u00e4chte<br \/>3x reichhaltiges Fr\u00fchst\u00fccksbuffet<br \/>3x Abendessen durch Auswahl des Hauptgerichtes aus dem Abendmen\u00fc<br \/>1x 60min Relax im privaten Candlelight-Wellness, einer Flasche gek\u00fchltem Sekt, Zitronenwasser, Badem\u00e4nteln, Badet\u00fcchern und entspannender Musik<br \/>2x 60min Massage nach Ihrer Wahl<\/p>\n<p style=\"text-align: center;\"><strong>Der Paketpreis betr\u00e4gt \u00a08 900 K\u010d<br \/><\/strong><em>(M\u00f6glichkeit extra zu bezahlen Zimmer Exclusive f\u00fcr 1000 CZK pro Nacht )<\/em><\/p>\n<p style=\"text-align: center;\"><strong>\u00a0<\/strong><\/p>\n<p><a href=\"mailto:info@hotelbozioko.cz\" target=\"_blank\" rel=\"noopener\"> E-mail : info@hotelbozioko.cz <\/a><\/p>\n<h2>Aufenthaltpaket Hot Komfort<br \/>Donnerstag \u2013 Sonntag ( 3 N\u00e4chte)<\/h2>\n<p style=\"text-align: center;\">Unterkunft f\u00fcr zwei Personen in einem Zimmer Komfort f\u00fcr 3 N\u00e4chte<br \/>3x reichhaltiges Fr\u00fchst\u00fccksbuffet<br \/>3x Abendessen durch Auswahl des Hauptgerichtes aus dem Abendmen\u00fc<br \/>1x 60min Relax im privaten Candlelight-Wellness, einer Flasche gek\u00fchltem Sekt, Zitronenwasser, Badem\u00e4nteln, Badet\u00fcchern und entspannender Musik<br \/>2x 60min Massage nach Ihrer Wahl<\/p>\n<p style=\"text-align: center;\"><strong>Der Paketpreis betr\u00e4gt 10 490 K\u010d<br \/><\/strong><em>(M\u00f6glichkeit extra zu bezahlen Zimmer Exclusive f\u00fcr 1000 CZK pro Nacht )<\/em><\/p>\n<p style=\"text-align: center;\"><strong>\u00a0<\/strong><\/p>\n<p><a href=\"mailto:info@hotelbozioko.cz\" target=\"_blank\" rel=\"noopener\"> E-mail : info@hotelbozioko.cz <\/a><\/p>\n<h2>VIP Villa<br \/>Aufenthaltpaket<\/h2>\n<p style=\"text-align: center;\">Unterkunft f\u00fcr 2 in der Villa f\u00fcr 2 N\u00e4chte<br \/>Romantisches Willkommen im Zimmer mit einer Flasche guten Wein, einer Obstplatte und Kerzen<br \/>2x reichhaltiges Fr\u00fchst\u00fccksbuffet<br \/>2x Abendessen durch Auswahl des Hauptgerichtes aus dem Abendmen\u00fc<br \/>2x Eintritt in Wellness f\u00fcr 60 Minuten Relax ,Kerzenlicht, eine Flasche gek\u00fchlten Sekt, Zitronenwasser, Badem\u00e4ntel, Badet\u00fccher und entspannende Musik<br \/>2x 60min Entspannungsmassage<br \/>2x 30 min Pfyziotreatment<\/p>\n<p style=\"text-align: center;\"><strong>Der Paketpreis betr\u00e4gt \u2013 12\u00a0900 K\u010d<\/strong><\/p>\n<p><a href=\"mailto:info@hotelbozioko.cz\" target=\"_blank\" rel=\"noopener\"> E-mail : info@hotelbozioko.cz <\/a><\/p>\n<h2>Super regeneration<br \/>Aufenthaltpaket <\/h2>\n<p style=\"text-align: center;\"><strong>Unterkunft im Zimmer Exclusive f\u00fcr 6 N\u00e4chte f\u00fcr zwei Personen<br \/><\/strong><br \/><strong>Romantisches Willkommen im Zimmer mit einer Flasche guten Wein und einer Obstplatte<br \/><\/strong><br \/>6x reichhaltiges Fr\u00fchst\u00fccksbuffet f\u00fcr zwei<br \/>6x Abendessen durch Auswahl des Hauptgerichtes aus dem Abendmen\u00fc<br \/>4x Relax im Hotelwellness f\u00fcr 60 Minuten , Kerzenlicht , eine Flasche gek\u00fchlten Sekt, Wasser mit Zitrone, Badem\u00e4ntel, Handt\u00fccher und entspannende Musik<br \/><strong>2x 60 Minuten entspannende Massage, <\/strong><br \/><strong>2x 60 Minuten klassische Massage<br \/><\/strong><strong>2x 30 Minuten K\u00f6rperpeeling<br \/><\/strong><strong>2x 30 Minuten Pfyziotreatment<\/strong><\/p>\n<p style=\"text-align: center;\"><strong>Paketpreis &#8211; 29\u00a0900 K\u010d<\/strong><strong>\u00a0<\/strong><\/p>\n<p><a href=\"mailto:info@hotelbozioko.cz\" target=\"_blank\" rel=\"noopener\"> E-mail : info@hotelbozioko.cz <\/a><\/p>\n<h2>Silvester Komfort<br \/>Aufenthaltpaket<\/h2>\n<p style=\"text-align: center;\">Unterkunft f\u00fcr zwei Personen im Zimmer Komfortf\u00fcr 2-4 N\u00e4chte<br \/>Abendessen durch Auswahl des Hauptgerichtes aus dem Abendmen\u00fc nach der Anzahl der N\u00e4chte<br \/>Silvester Abendessen<br \/>Reichhaltiges Fr\u00fchst\u00fccksbuffet nach der Anzahl der N\u00e4chte<br \/>1x Eintritt in Wellness f\u00fcr 60min<br \/>1x Glas Sekt f\u00fcr zwei Personen f\u00fcr Silvester Toast<br \/><strong>6 590 K\u010d 2 N\u00e4chte<\/strong><br \/><strong>9 290 K\u010d 3 N\u00e4chte<\/strong><br \/><strong>11 990 K\u010d 4 N\u00e4chte<\/strong><br \/>Silvester Live &#8211; Muzik<br \/>Wir k\u00f6nnen Ihre Pakete nach Ihren Anforderungen anpassen<\/p>\n<p style=\"text-align: center;\"><strong>Der Paketpreis betr\u00e4gt \u2013 12\u00a0900 K\u010d<\/strong><\/p>\n<p><a href=\"mailto:info@hotelbozioko.cz\" target=\"_blank\" rel=\"noopener\"> E-mail : info@hotelbozioko.cz <\/a><\/p>\n<h2>Silvester Exclusive<br \/>Aufenthaltpaket <\/h2>\n<p style=\"text-align: center;\">Unterkunft f\u00fcr zwei Personen im Zimmer Exclusive f\u00fcr 2-4 N\u00e4chte<br \/>Abendessen durch Auswahl des Hauptgerichtes aus dem Abendmen\u00fc nach der Anzahl der N\u00e4chte<br \/>Silvester Abendessen<br \/>Reichhaltiges Fr\u00fchst\u00fccksbuffet nach der Anzahl der N\u00e4chte<br \/>1x Eintritt in Wellness f\u00fcr 60min<br \/>1x Glas Sekt f\u00fcr zwei Personen f\u00fcr Silvester Toast, Feuerwerk <br \/><strong>8 490 K\u010d 2 N\u00e4chte<\/strong><br \/><strong>11 890 K\u010d 3 N\u00e4chte<\/strong><br \/><strong>15 290 K\u010d 4 N\u00e4chte<\/strong><br \/>Silvester Live &#8211; Muzik<br \/>Wir k\u00f6nnen Ihre Pakete nach Ihren Anforderungen anpassen.<\/p>\n<p style=\"text-align: center;\"><strong>Paketpreis &#8211; 29\u00a0900 K\u010d<\/strong><strong>\u00a0<\/strong><\/p>\n<p><a href=\"mailto:info@hotelbozioko.cz\" target=\"_blank\" rel=\"noopener\"> E-mail : info@hotelbozioko.cz <\/a><!--\/themify_builder_static--><\/p>\n","protected":false},"excerpt":{"rendered":"<p>AufenthaltspaketenBo\u017e\u00ed Oko Treffen Sie unser Angebot von Aufenthaltspaketen. Kostenlose Parkpl\u00e4tze, WLAN im gesamten Geb\u00e4ude, Handt\u00fccher, Badem\u00e4ntel, Haartrockner und Hotelkosmetik stehen in jedem Zimmer zur Verf\u00fcgung. Haustiere sind gegen eine zus\u00e4tzliche Geb\u00fchr von 250, &#8211; CZK \u00a0pro Tag in Zimmern Comfort erlaubt Aufenthaltspakete k\u00f6nnen in den folgenden Monaten genutzt werden: Januar-Mai und September-Dezember, sofern nicht anders\u00a0 [&hellip;]<\/p>\n","protected":false},"author":1,"featured_media":0,"parent":0,"menu_order":0,"comment_status":"closed","ping_status":"closed","template":"","meta":{"footnotes":""},"class_list":["post-6786","page","type-page","status-publish","hentry"],"yoast_head":"<!-- This site is optimized with the Yoast SEO plugin v25.4 - https:\/\/yoast.com\/wordpress\/plugins\/seo\/ -->\n<title>V\u00fdhodn\u00e9 pobytov\u00e9 bal\u00ed\u010dky - Wellness hotel Bo\u017e\u00ed oko<\/title>\n<meta name=\"description\" content=\"V\u00fdhodn\u00e9 pobytov\u00e9 bal\u00ed\u010dky pro dva od 1 po 5 noc\u00ed. U\u017eijte si odpo\u010dinek s wellnessem a skv\u011bl\u00fdm j\u00eddlem, to v\u0161e v klidn\u00e9m prost\u0159ed\u00ed na\u0161eho hotelu.\" \/>\n<meta name=\"robots\" content=\"index, follow, max-snippet:-1, max-image-preview:large, max-video-preview:-1\" \/>\n<link rel=\"canonical\" href=\"https:\/\/www.bozioko.cz\/de\/aufenthaltspaketen\/\" \/>\n<meta property=\"og:locale\" content=\"de_DE\" \/>\n<meta property=\"og:type\" content=\"article\" \/>\n<meta property=\"og:title\" content=\"V\u00fdhodn\u00e9 pobytov\u00e9 bal\u00ed\u010dky - Wellness hotel Bo\u017e\u00ed oko\" \/>\n<meta property=\"og:description\" content=\"V\u00fdhodn\u00e9 pobytov\u00e9 bal\u00ed\u010dky pro dva od 1 po 5 noc\u00ed. U\u017eijte si odpo\u010dinek s wellnessem a skv\u011bl\u00fdm j\u00eddlem, to v\u0161e v klidn\u00e9m prost\u0159ed\u00ed na\u0161eho hotelu.\" \/>\n<meta property=\"og:url\" content=\"https:\/\/www.bozioko.cz\/de\/aufenthaltspaketen\/\" \/>\n<meta property=\"og:site_name\" content=\"Bo\u017e\u00ed Oko\" \/>\n<meta property=\"article:publisher\" content=\"https:\/\/www.facebook.com\/BoziOkoWellnessHotel\/\" \/>\n<meta property=\"article:modified_time\" content=\"2020-02-12T04:40:36+00:00\" \/>\n<meta property=\"og:image\" content=\"https:\/\/www.bozioko.cz\/wp-content\/uploads\/2016\/08\/test.png\" \/>\n\t<meta property=\"og:image:width\" content=\"368\" \/>\n\t<meta property=\"og:image:height\" content=\"522\" \/>\n\t<meta property=\"og:image:type\" content=\"image\/png\" \/>\n<meta name=\"twitter:card\" content=\"summary_large_image\" \/>\n<meta name=\"twitter:label1\" content=\"Gesch\u00e4tzte Lesezeit\" \/>\n\t<meta name=\"twitter:data1\" content=\"5\u00a0Minuten\" \/>\n<script type=\"application\/ld+json\" class=\"yoast-schema-graph\">{\"@context\":\"https:\/\/schema.org\",\"@graph\":[{\"@type\":\"WebPage\",\"@id\":\"https:\/\/www.bozioko.cz\/de\/aufenthaltspaketen\/\",\"url\":\"https:\/\/www.bozioko.cz\/de\/aufenthaltspaketen\/\",\"name\":\"V\u00fdhodn\u00e9 pobytov\u00e9 bal\u00ed\u010dky - Wellness hotel Bo\u017e\u00ed oko\",\"isPartOf\":{\"@id\":\"https:\/\/www.bozioko.cz\/#website\"},\"datePublished\":\"2017-09-17T19:18:23+00:00\",\"dateModified\":\"2020-02-12T04:40:36+00:00\",\"description\":\"V\u00fdhodn\u00e9 pobytov\u00e9 bal\u00ed\u010dky pro dva od 1 po 5 noc\u00ed. U\u017eijte si odpo\u010dinek s wellnessem a skv\u011bl\u00fdm j\u00eddlem, to v\u0161e v klidn\u00e9m prost\u0159ed\u00ed na\u0161eho hotelu.\",\"breadcrumb\":{\"@id\":\"https:\/\/www.bozioko.cz\/de\/aufenthaltspaketen\/#breadcrumb\"},\"inLanguage\":\"de\",\"potentialAction\":[{\"@type\":\"ReadAction\",\"target\":[\"https:\/\/www.bozioko.cz\/de\/aufenthaltspaketen\/\"]}]},{\"@type\":\"BreadcrumbList\",\"@id\":\"https:\/\/www.bozioko.cz\/de\/aufenthaltspaketen\/#breadcrumb\",\"itemListElement\":[{\"@type\":\"ListItem\",\"position\":1,\"name\":\"Dom\u016f\",\"item\":\"https:\/\/www.bozioko.cz\/de\/\"},{\"@type\":\"ListItem\",\"position\":2,\"name\":\"Aufenthaltspaketen\"}]},{\"@type\":\"WebSite\",\"@id\":\"https:\/\/www.bozioko.cz\/#website\",\"url\":\"https:\/\/www.bozioko.cz\/\",\"name\":\"Bo\u017e\u00ed Oko\",\"description\":\"Wellness hotel\",\"publisher\":{\"@id\":\"https:\/\/www.bozioko.cz\/#organization\"},\"potentialAction\":[{\"@type\":\"SearchAction\",\"target\":{\"@type\":\"EntryPoint\",\"urlTemplate\":\"https:\/\/www.bozioko.cz\/?s={search_term_string}\"},\"query-input\":{\"@type\":\"PropertyValueSpecification\",\"valueRequired\":true,\"valueName\":\"search_term_string\"}}],\"inLanguage\":\"de\"},{\"@type\":\"Organization\",\"@id\":\"https:\/\/www.bozioko.cz\/#organization\",\"name\":\"Bo\u017e\u00ed Oko\",\"url\":\"https:\/\/www.bozioko.cz\/\",\"logo\":{\"@type\":\"ImageObject\",\"inLanguage\":\"de\",\"@id\":\"https:\/\/www.bozioko.cz\/#\/schema\/logo\/image\/\",\"url\":\"https:\/\/www.bozioko.cz\/wp-content\/uploads\/2016\/08\/test.png\",\"contentUrl\":\"https:\/\/www.bozioko.cz\/wp-content\/uploads\/2016\/08\/test.png\",\"width\":368,\"height\":522,\"caption\":\"Bo\u017e\u00ed Oko\"},\"image\":{\"@id\":\"https:\/\/www.bozioko.cz\/#\/schema\/logo\/image\/\"},\"sameAs\":[\"https:\/\/www.facebook.com\/BoziOkoWellnessHotel\/\"]}]}<\/script>\n<!-- \/ Yoast SEO plugin. -->","yoast_head_json":{"title":"V\u00fdhodn\u00e9 pobytov\u00e9 bal\u00ed\u010dky - Wellness hotel Bo\u017e\u00ed oko","description":"V\u00fdhodn\u00e9 pobytov\u00e9 bal\u00ed\u010dky pro dva od 1 po 5 noc\u00ed. U\u017eijte si odpo\u010dinek s wellnessem a skv\u011bl\u00fdm j\u00eddlem, to v\u0161e v klidn\u00e9m prost\u0159ed\u00ed na\u0161eho hotelu.","robots":{"index":"index","follow":"follow","max-snippet":"max-snippet:-1","max-image-preview":"max-image-preview:large","max-video-preview":"max-video-preview:-1"},"canonical":"https:\/\/www.bozioko.cz\/de\/aufenthaltspaketen\/","og_locale":"de_DE","og_type":"article","og_title":"V\u00fdhodn\u00e9 pobytov\u00e9 bal\u00ed\u010dky - Wellness hotel Bo\u017e\u00ed oko","og_description":"V\u00fdhodn\u00e9 pobytov\u00e9 bal\u00ed\u010dky pro dva od 1 po 5 noc\u00ed. U\u017eijte si odpo\u010dinek s wellnessem a skv\u011bl\u00fdm j\u00eddlem, to v\u0161e v klidn\u00e9m prost\u0159ed\u00ed na\u0161eho hotelu.","og_url":"https:\/\/www.bozioko.cz\/de\/aufenthaltspaketen\/","og_site_name":"Bo\u017e\u00ed Oko","article_publisher":"https:\/\/www.facebook.com\/BoziOkoWellnessHotel\/","article_modified_time":"2020-02-12T04:40:36+00:00","og_image":[{"width":368,"height":522,"url":"https:\/\/www.bozioko.cz\/wp-content\/uploads\/2016\/08\/test.png","type":"image\/png"}],"twitter_card":"summary_large_image","twitter_misc":{"Gesch\u00e4tzte Lesezeit":"5\u00a0Minuten"},"schema":{"@context":"https:\/\/schema.org","@graph":[{"@type":"WebPage","@id":"https:\/\/www.bozioko.cz\/de\/aufenthaltspaketen\/","url":"https:\/\/www.bozioko.cz\/de\/aufenthaltspaketen\/","name":"V\u00fdhodn\u00e9 pobytov\u00e9 bal\u00ed\u010dky - Wellness hotel Bo\u017e\u00ed oko","isPartOf":{"@id":"https:\/\/www.bozioko.cz\/#website"},"datePublished":"2017-09-17T19:18:23+00:00","dateModified":"2020-02-12T04:40:36+00:00","description":"V\u00fdhodn\u00e9 pobytov\u00e9 bal\u00ed\u010dky pro dva od 1 po 5 noc\u00ed. U\u017eijte si odpo\u010dinek s wellnessem a skv\u011bl\u00fdm j\u00eddlem, to v\u0161e v klidn\u00e9m prost\u0159ed\u00ed na\u0161eho hotelu.","breadcrumb":{"@id":"https:\/\/www.bozioko.cz\/de\/aufenthaltspaketen\/#breadcrumb"},"inLanguage":"de","potentialAction":[{"@type":"ReadAction","target":["https:\/\/www.bozioko.cz\/de\/aufenthaltspaketen\/"]}]},{"@type":"BreadcrumbList","@id":"https:\/\/www.bozioko.cz\/de\/aufenthaltspaketen\/#breadcrumb","itemListElement":[{"@type":"ListItem","position":1,"name":"Dom\u016f","item":"https:\/\/www.bozioko.cz\/de\/"},{"@type":"ListItem","position":2,"name":"Aufenthaltspaketen"}]},{"@type":"WebSite","@id":"https:\/\/www.bozioko.cz\/#website","url":"https:\/\/www.bozioko.cz\/","name":"Bo\u017e\u00ed Oko","description":"Wellness hotel","publisher":{"@id":"https:\/\/www.bozioko.cz\/#organization"},"potentialAction":[{"@type":"SearchAction","target":{"@type":"EntryPoint","urlTemplate":"https:\/\/www.bozioko.cz\/?s={search_term_string}"},"query-input":{"@type":"PropertyValueSpecification","valueRequired":true,"valueName":"search_term_string"}}],"inLanguage":"de"},{"@type":"Organization","@id":"https:\/\/www.bozioko.cz\/#organization","name":"Bo\u017e\u00ed Oko","url":"https:\/\/www.bozioko.cz\/","logo":{"@type":"ImageObject","inLanguage":"de","@id":"https:\/\/www.bozioko.cz\/#\/schema\/logo\/image\/","url":"https:\/\/www.bozioko.cz\/wp-content\/uploads\/2016\/08\/test.png","contentUrl":"https:\/\/www.bozioko.cz\/wp-content\/uploads\/2016\/08\/test.png","width":368,"height":522,"caption":"Bo\u017e\u00ed Oko"},"image":{"@id":"https:\/\/www.bozioko.cz\/#\/schema\/logo\/image\/"},"sameAs":["https:\/\/www.facebook.com\/BoziOkoWellnessHotel\/"]}]}},"_links":{"self":[{"href":"https:\/\/www.bozioko.cz\/de\/wp-json\/wp\/v2\/pages\/6786\/"}],"collection":[{"href":"https:\/\/www.bozioko.cz\/de\/wp-json\/wp\/v2\/pages\/"}],"about":[{"href":"https:\/\/www.bozioko.cz\/de\/wp-json\/wp\/v2\/types\/page\/"}],"author":[{"embeddable":true,"href":"https:\/\/www.bozioko.cz\/de\/wp-json\/wp\/v2\/users\/1\/"}],"replies":[{"embeddable":true,"href":"https:\/\/www.bozioko.cz\/de\/wp-json\/wp\/v2\/comments\/?post=6786"}],"version-history":[{"count":32,"href":"https:\/\/www.bozioko.cz\/de\/wp-json\/wp\/v2\/pages\/6786\/revisions\/"}],"predecessor-version":[{"id":6895,"href":"https:\/\/www.bozioko.cz\/de\/wp-json\/wp\/v2\/pages\/6786\/revisions\/6895\/"}],"wp:attachment":[{"href":"https:\/\/www.bozioko.cz\/de\/wp-json\/wp\/v2\/media\/?parent=6786"}],"curies":[{"name":"wp","href":"https:\/\/api.w.org\/{rel}","templated":true}]}}