{"id":6751,"date":"2017-08-14T13:31:32","date_gmt":"2017-08-14T11:31:32","guid":{"rendered":"https:\/\/www.bozioko.cz\/historie\/"},"modified":"2020-02-13T22:27:43","modified_gmt":"2020-02-13T21:27:43","slug":"historie","status":"publish","type":"page","link":"https:\/\/www.bozioko.cz\/de\/historie\/","title":{"rendered":"Historie"},"content":{"rendered":"<p><!--themify_builder_static--><\/p>\n<h1>Historie Bo\u017e\u00edho oka<br \/><\/h1>\n<p style=\"text-align: center;\">Nach\u00e1z\u00edte se v prostor\u00e1ch barokn\u00edho statku Mal\u00e9 Chr\u00e1\u0161\u0165any \u010d.4( Bo\u017e\u00ed Oko 1), kter\u00fd byl v roce 1850 z p\u016fvodn\u00ed d\u0159ev\u011bn\u00e9 st\u0159edov\u011bk\u00e9 roubenky barokn\u011b p\u0159estaven \u0160ebastianem Brennerem. Sousedn\u00ed barokn\u00ed statek Mal\u00e9 Chr\u00e1\u0161\u0165any \u010d.5 ( Bo\u017e\u00ed Oko 2) byl rovn\u011b\u017e p\u0159estaven ze st\u0159edov\u011bk\u00e9ho rouben\u00e9ho domu, a to v roce 1856. Prvn\u00ed zm\u00ednky o Mal\u00fdch Chr\u00e1\u0161\u0165anech jsou toti\u017e ji\u017e z roku 1273. Ob\u011b historick\u00e9 usedlosti jsou zaps\u00e1ny v seznamu kulturn\u00edch pam\u00e1tek \u010cesk\u00e9 republiky. <\/p>\n<h2>Hospod\u00e1\u0159sk\u00e1 usedlost 19. stol<br \/><\/h2>\n<p style=\"text-align: left;\">\u0160lo o statek postaven\u00fd na obd\u00e9ln\u00edkov\u00e9m p\u016fdoryse v takzvan\u00e9m trojstrann\u00e9m uspo\u0159\u00e1d\u00e1n\u00ed, kter\u00e9 vych\u00e1zelo z toho, \u017ee na hlavn\u00ed pr\u016f\u010del\u00ed statku, obr\u00e1cen\u00e9 do n\u00e1vsi, navazuje na jedn\u00e9 stran\u011b obytn\u00e9 staven\u00ed a na stran\u011b druh\u00e9 s\u00fdpka ( \u0161pejchar) a hospod\u00e1\u0159sk\u00e9 objekty. Po lev\u00e9 stran\u011b \u0161pejchar je spojen s obytnou \u010d\u00e1st\u00ed pr\u016fjezdnou branou do dvora a dve\u0159mi s vchodem pod z\u00e1pra\u017e\u00ed. Jak obytn\u00e1 budova, tak i s\u00fdpka sm\u011b\u0159uj\u00ed \u0161t\u00edtov\u00fdm pr\u016f\u010del\u00edm k n\u00e1vsi a to umo\u017e\u0148uje bohat\u00e9 architektonick\u00e9 \u010dlen\u011bn\u00ed obou \u0161t\u00edt\u016f. Na obytn\u00e9 m\u00edstnosti navazovaly sm\u011brem do dvora chl\u00e9vy, st\u00e1je a kolna. Za s\u00fdpkou d\u00e1l do dvora st\u00e1ly chl\u00e9vy. Ob\u011b \u0159ady budov spojovala v z\u00e1v\u011bru zastav\u011bn\u00e9 \u010d\u00e1sti stodola s \u0161irok\u00fdmi vraty, umo\u017e\u0148uj\u00edc\u00edmi pr\u016fjezd skrze celou usedlost a\u017e na humna a na pole. Pod okny p\u0159ed staven\u00edm b\u00fdvala studna.<\/p>\n<p><img decoding=\"async\" src=\"https:\/\/www.bozioko.cz\/wp-content\/uploads\/2017\/08\/statek5-pred-rekonstrukci-560x800.jpg\" width=\"560\" alt=\"statek5-pred-rekonstrukci\" srcset=\"https:\/\/www.bozioko.cz\/wp-content\/uploads\/2017\/08\/statek5-pred-rekonstrukci.jpg 560w, https:\/\/www.bozioko.cz\/wp-content\/uploads\/2017\/08\/statek5-pred-rekonstrukci-210x300.jpg 210w\" sizes=\"(max-width: 560px) 100vw, 560px\" \/><br \/>\n<img decoding=\"async\" src=\"https:\/\/www.bozioko.cz\/wp-content\/uploads\/2017\/08\/statek4-celk-pohled-560x800.jpg\" width=\"560\" alt=\"statek4-celk-pohled\" srcset=\"https:\/\/www.bozioko.cz\/wp-content\/uploads\/2017\/08\/statek4-celk-pohled.jpg 560w, https:\/\/www.bozioko.cz\/wp-content\/uploads\/2017\/08\/statek4-celk-pohled-210x300.jpg 210w\" sizes=\"(max-width: 560px) 100vw, 560px\" \/><\/p>\n<h2>Barokn\u00ed statek Mal\u00e9 Chr\u00e1\u0161\u0165any \u010d. 4 <br \/><\/h2>\n<p style=\"text-align: left;\">Majitelka jej jako \u00faplnou a dlouh\u00e1 l\u00e9ta ch\u00e1traj\u00edc\u00ed ruinu zakoupila na podzim roku 2005 a v\u00a0roce 2006\u00a0 se pustila do rozs\u00e1hl\u00e9 rekonstrukce. Nejd\u0159\u00edve byla zrekonstruov\u00e1na obytn\u00e1 \u010d\u00e1st s\u00a0v\u00fdhledem na n\u00e1ves. V obytn\u00e9 \u010d\u00e1sti byly nalezeny poz\u016fstatky st\u0159edov\u011bk\u00e9 \u010dern\u00e9 kuchyn\u011b. Pot\u00e9 byly zrekonstruov\u00e1ny na obytnou \u010d\u00e1st navazuj\u00edc\u00ed chl\u00e9vy a k\u016flna. Tyto prostory ob\u00fdv\u00e1 dnes rodina majitelky a zam\u011bstnanci. V dal\u0161\u00edch letech pokra\u010dovala rekonstrukce \u0161pejcharu ( trojpodla\u017en\u00ed s\u00fdpky). Plocha s\u00fdpky je hrub\u011b nahozena metodou \u0161umavsk\u00e9ho \u0161prycu a m\u00e1 dokonce sklepen\u00ed s\u00a0valenou klenbou. Pr\u016f\u010del\u00ed s\u00fdpky je bohat\u011b zdobeno ornamenty. S\u00fdpka je nyn\u00ed ob\u00fdv\u00e1na hosty, kte\u0159\u00ed si p\u0159ej\u00ed bydlet v\u00a0samostatn\u00e9m dom\u011b a poc\u00edtit dokonalou atmosf\u00e9ru venkovsk\u00e9 historie. V prostor\u00e1ch navazuj\u00edc\u00edch ma\u0161tal\u00ed ( st\u00e1j\u00ed pro kon\u011b) bylo vybudov\u00e1no 6 apartm\u00e1n\u016f, v\u00a0n\u011bkter\u00fdch z\u00a0nich se poda\u0159ilo zachovat p\u016fvodn\u00ed kamenn\u00e9 zdivo. Rekonstrukce \u0161pejcharu a ma\u0161tal\u00ed byla dokon\u010dena v\u00a0roce 2009.<\/p>\n<h2>P\u0159estavba stodoly<br \/><\/h2>\n<p style=\"text-align: left;\">Vznikla zde v\u00a0p\u0159\u00edzem\u00ed restaurace se z\u00e1zem\u00edm kuchyn\u011b, prostory wellness a fitness a v\u00a0pat\u0159e 6 prostorn\u00fdch pokoj\u016f. Z\u00e1rove\u0148 byla vybudov\u00e1na zahrada s\u00a0dv\u011bma jez\u00edrky a terasou. Vzhledem k\u00a0tomu, \u017ee p\u0159i velk\u00fdch lij\u00e1c\u00edch prot\u00e9kala voda a bahno z\u00a0pole stodolou a\u017e do dvora, musely b\u00fdt na cel\u00e9m pozemku k\u00a0ob\u011bma stodol\u00e1m provedeny rozs\u00e1hl\u00e9 zemn\u00ed pr\u00e1ce a dren\u00e1\u017ee.<\/p>\n<p style=\"text-align: left;\">Barokn\u00ed statek Mal\u00e9 Chr\u00e1\u0161\u0165any \u010d.5 ( Bo\u017e\u00ed Oko 2) z\u00a0roku 1856 byl zakoupen v\u00a0roce 2008, rovn\u011b\u017e ve velmi zch\u00e1tral\u00e9m stavu. Rekonstrukce zapo\u010dala v\u00a0roce 2013 a prvn\u00ed hosty p\u0159iv\u00edtal v\u00a0\u010dervenci 2014. Prozat\u00edm byla zrekonstruov\u00e1na obytn\u00e1 \u010d\u00e1st, kde vzniklo 5 pokoj\u016f a \u010d\u00e1ste\u010dn\u011b byl zrekonstruov\u00e1n \u0161pejchar( nov\u00e1 st\u0159echa, podlaha, fas\u00e1da).P\u0159i rekonstrukci obytn\u00e9 \u010d\u00e1sti byl nalezen zasypan\u00fd sklep s\u00a0valenou klenbou. P\u0159ilehl\u00e1 stodola je \u010d\u00e1ste\u010dn\u011b zrekonstruov\u00e1na ve star\u00e9m stylu, za\u00a0 pou\u017eit\u00ed p\u016fvodn\u00edch star\u00fdch tr\u00e1m\u016f. Cel\u00e9 roky rekonstrukce byly pod dohledem \u00dastavu pam\u00e1tkov\u00e9 p\u00e9\u010de a pam\u00e1tkov\u00e9ho odboru stavebn\u00edho \u00fa\u0159adu, kter\u00e9 m\u011bly \u010dasto nesplniteln\u00e9 po\u017eadavky.<\/p>\n<p><img decoding=\"async\" src=\"https:\/\/www.bozioko.cz\/wp-content\/uploads\/2017\/08\/statek4-pred-rekonstrukci-560x800.jpg\" width=\"560\" alt=\"statek4-pred-rekonstrukci\" srcset=\"https:\/\/www.bozioko.cz\/wp-content\/uploads\/2017\/08\/statek4-pred-rekonstrukci.jpg 560w, https:\/\/www.bozioko.cz\/wp-content\/uploads\/2017\/08\/statek4-pred-rekonstrukci-210x300.jpg 210w\" sizes=\"(max-width: 560px) 100vw, 560px\" \/><\/p>\n<p style=\"text-align: center;\">K rekonstrukci obou statk\u016f jsme museli p\u0159istupovat z d\u016fvodu pam\u00e1tkov\u00e9 ochrany velice citliv\u011b. Byly zachov\u00e1ny p\u016fvodn\u00ed klenby, p\u016fvodn\u00ed kamenn\u00e9 st\u011bny, st\u0159e\u0161n\u00ed krytiny byly pou\u017eity dle po\u017eadavk\u016f pam\u00e1tk\u00e1\u0159\u016f, do podlah byla pou\u017eita v n\u011bkter\u00fdch m\u00edstnostech star\u00e1 prkna a star\u00e9 cihly. Velmi n\u00e1ro\u010dn\u00e1 byla restaur\u00e1torsk\u00e1 oprava \u0161tukov\u00e9 ornament\u00e1ln\u00ed v\u00fdzdoby pr\u016f\u010del\u00ed obou statk\u016f ( o v\u00fdzdob\u011b pr\u016f\u010del\u00ed v z\u00e1lo\u017ece Selsk\u00e9 baroko a pro\u010d Bo\u017e\u00ed Oko).<\/p>\n<p><!--\/themify_builder_static--><\/p>\n","protected":false},"excerpt":{"rendered":"<p>Historie Bo\u017e\u00edho oka Nach\u00e1z\u00edte se v prostor\u00e1ch barokn\u00edho statku Mal\u00e9 Chr\u00e1\u0161\u0165any \u010d.4( Bo\u017e\u00ed Oko 1), kter\u00fd byl v roce 1850 z p\u016fvodn\u00ed d\u0159ev\u011bn\u00e9 st\u0159edov\u011bk\u00e9 roubenky barokn\u011b p\u0159estaven \u0160ebastianem Brennerem. Sousedn\u00ed barokn\u00ed statek Mal\u00e9 Chr\u00e1\u0161\u0165any \u010d.5 ( Bo\u017e\u00ed Oko 2) byl rovn\u011b\u017e p\u0159estaven ze st\u0159edov\u011bk\u00e9ho rouben\u00e9ho domu, a to v roce 1856. Prvn\u00ed zm\u00ednky o Mal\u00fdch [&hellip;]<\/p>\n","protected":false},"author":1,"featured_media":0,"parent":0,"menu_order":0,"comment_status":"closed","ping_status":"closed","template":"","meta":{"footnotes":""},"class_list":["post-6751","page","type-page","status-publish","hentry"],"yoast_head":"<!-- This site is optimized with the Yoast SEO plugin v25.4 - https:\/\/yoast.com\/wordpress\/plugins\/seo\/ -->\n<title>Jak vznikal n\u00e1\u0161 hotel? Jak\u00e1 byla jeho historie? - Wellness Bo\u017e\u00ed oko<\/title>\n<meta name=\"description\" content=\"Jak se z hospod\u00e1\u0159sk\u00e9 usedlosti z 19. stolet\u00ed stal wellness hotel s unik\u00e1tn\u00ed atmosf\u00e9rou? P\u0159e\u010dt\u011bte si n\u011bco o historii na\u0161eho hotelu.\" \/>\n<meta name=\"robots\" content=\"index, follow, max-snippet:-1, max-image-preview:large, max-video-preview:-1\" \/>\n<link rel=\"canonical\" href=\"https:\/\/www.bozioko.cz\/de\/historie\/\" \/>\n<meta property=\"og:locale\" content=\"de_DE\" \/>\n<meta property=\"og:type\" content=\"article\" \/>\n<meta property=\"og:title\" content=\"Jak vznikal n\u00e1\u0161 hotel? Jak\u00e1 byla jeho historie? - Wellness Bo\u017e\u00ed oko\" \/>\n<meta property=\"og:description\" content=\"Jak se z hospod\u00e1\u0159sk\u00e9 usedlosti z 19. stolet\u00ed stal wellness hotel s unik\u00e1tn\u00ed atmosf\u00e9rou? P\u0159e\u010dt\u011bte si n\u011bco o historii na\u0161eho hotelu.\" \/>\n<meta property=\"og:url\" content=\"https:\/\/www.bozioko.cz\/de\/historie\/\" \/>\n<meta property=\"og:site_name\" content=\"Bo\u017e\u00ed Oko\" \/>\n<meta property=\"article:publisher\" content=\"https:\/\/www.facebook.com\/BoziOkoWellnessHotel\/\" \/>\n<meta property=\"article:modified_time\" content=\"2020-02-13T21:27:43+00:00\" \/>\n<meta property=\"og:image\" content=\"https:\/\/www.bozioko.cz\/wp-content\/uploads\/2017\/08\/statek5-pred-rekonstrukci-560x800.jpg\" \/>\n<meta name=\"twitter:card\" content=\"summary_large_image\" \/>\n<meta name=\"twitter:label1\" content=\"Gesch\u00e4tzte Lesezeit\" \/>\n\t<meta name=\"twitter:data1\" content=\"4\u00a0Minuten\" \/>\n<script type=\"application\/ld+json\" class=\"yoast-schema-graph\">{\"@context\":\"https:\/\/schema.org\",\"@graph\":[{\"@type\":\"WebPage\",\"@id\":\"https:\/\/www.bozioko.cz\/de\/historie\/\",\"url\":\"https:\/\/www.bozioko.cz\/de\/historie\/\",\"name\":\"Jak vznikal n\u00e1\u0161 hotel? Jak\u00e1 byla jeho historie? - Wellness Bo\u017e\u00ed oko\",\"isPartOf\":{\"@id\":\"https:\/\/www.bozioko.cz\/#website\"},\"primaryImageOfPage\":{\"@id\":\"https:\/\/www.bozioko.cz\/de\/historie\/#primaryimage\"},\"image\":{\"@id\":\"https:\/\/www.bozioko.cz\/de\/historie\/#primaryimage\"},\"thumbnailUrl\":\"https:\/\/www.bozioko.cz\/wp-content\/uploads\/2017\/08\/statek5-pred-rekonstrukci-560x800.jpg\",\"datePublished\":\"2017-08-14T11:31:32+00:00\",\"dateModified\":\"2020-02-13T21:27:43+00:00\",\"description\":\"Jak se z hospod\u00e1\u0159sk\u00e9 usedlosti z 19. stolet\u00ed stal wellness hotel s unik\u00e1tn\u00ed atmosf\u00e9rou? P\u0159e\u010dt\u011bte si n\u011bco o historii na\u0161eho hotelu.\",\"breadcrumb\":{\"@id\":\"https:\/\/www.bozioko.cz\/de\/historie\/#breadcrumb\"},\"inLanguage\":\"de\",\"potentialAction\":[{\"@type\":\"ReadAction\",\"target\":[\"https:\/\/www.bozioko.cz\/de\/historie\/\"]}]},{\"@type\":\"ImageObject\",\"inLanguage\":\"de\",\"@id\":\"https:\/\/www.bozioko.cz\/de\/historie\/#primaryimage\",\"url\":\"https:\/\/www.bozioko.cz\/wp-content\/uploads\/2017\/08\/statek5-pred-rekonstrukci-560x800.jpg\",\"contentUrl\":\"https:\/\/www.bozioko.cz\/wp-content\/uploads\/2017\/08\/statek5-pred-rekonstrukci-560x800.jpg\"},{\"@type\":\"BreadcrumbList\",\"@id\":\"https:\/\/www.bozioko.cz\/de\/historie\/#breadcrumb\",\"itemListElement\":[{\"@type\":\"ListItem\",\"position\":1,\"name\":\"Dom\u016f\",\"item\":\"https:\/\/www.bozioko.cz\/de\/\"},{\"@type\":\"ListItem\",\"position\":2,\"name\":\"Historie\"}]},{\"@type\":\"WebSite\",\"@id\":\"https:\/\/www.bozioko.cz\/#website\",\"url\":\"https:\/\/www.bozioko.cz\/\",\"name\":\"Bo\u017e\u00ed Oko\",\"description\":\"Wellness hotel\",\"publisher\":{\"@id\":\"https:\/\/www.bozioko.cz\/#organization\"},\"potentialAction\":[{\"@type\":\"SearchAction\",\"target\":{\"@type\":\"EntryPoint\",\"urlTemplate\":\"https:\/\/www.bozioko.cz\/?s={search_term_string}\"},\"query-input\":{\"@type\":\"PropertyValueSpecification\",\"valueRequired\":true,\"valueName\":\"search_term_string\"}}],\"inLanguage\":\"de\"},{\"@type\":\"Organization\",\"@id\":\"https:\/\/www.bozioko.cz\/#organization\",\"name\":\"Bo\u017e\u00ed Oko\",\"url\":\"https:\/\/www.bozioko.cz\/\",\"logo\":{\"@type\":\"ImageObject\",\"inLanguage\":\"de\",\"@id\":\"https:\/\/www.bozioko.cz\/#\/schema\/logo\/image\/\",\"url\":\"https:\/\/www.bozioko.cz\/wp-content\/uploads\/2016\/08\/test.png\",\"contentUrl\":\"https:\/\/www.bozioko.cz\/wp-content\/uploads\/2016\/08\/test.png\",\"width\":368,\"height\":522,\"caption\":\"Bo\u017e\u00ed Oko\"},\"image\":{\"@id\":\"https:\/\/www.bozioko.cz\/#\/schema\/logo\/image\/\"},\"sameAs\":[\"https:\/\/www.facebook.com\/BoziOkoWellnessHotel\/\"]}]}<\/script>\n<!-- \/ Yoast SEO plugin. -->","yoast_head_json":{"title":"Jak vznikal n\u00e1\u0161 hotel? Jak\u00e1 byla jeho historie? - Wellness Bo\u017e\u00ed oko","description":"Jak se z hospod\u00e1\u0159sk\u00e9 usedlosti z 19. stolet\u00ed stal wellness hotel s unik\u00e1tn\u00ed atmosf\u00e9rou? P\u0159e\u010dt\u011bte si n\u011bco o historii na\u0161eho hotelu.","robots":{"index":"index","follow":"follow","max-snippet":"max-snippet:-1","max-image-preview":"max-image-preview:large","max-video-preview":"max-video-preview:-1"},"canonical":"https:\/\/www.bozioko.cz\/de\/historie\/","og_locale":"de_DE","og_type":"article","og_title":"Jak vznikal n\u00e1\u0161 hotel? Jak\u00e1 byla jeho historie? - Wellness Bo\u017e\u00ed oko","og_description":"Jak se z hospod\u00e1\u0159sk\u00e9 usedlosti z 19. stolet\u00ed stal wellness hotel s unik\u00e1tn\u00ed atmosf\u00e9rou? P\u0159e\u010dt\u011bte si n\u011bco o historii na\u0161eho hotelu.","og_url":"https:\/\/www.bozioko.cz\/de\/historie\/","og_site_name":"Bo\u017e\u00ed Oko","article_publisher":"https:\/\/www.facebook.com\/BoziOkoWellnessHotel\/","article_modified_time":"2020-02-13T21:27:43+00:00","og_image":[{"url":"https:\/\/www.bozioko.cz\/wp-content\/uploads\/2017\/08\/statek5-pred-rekonstrukci-560x800.jpg","type":"","width":"","height":""}],"twitter_card":"summary_large_image","twitter_misc":{"Gesch\u00e4tzte Lesezeit":"4\u00a0Minuten"},"schema":{"@context":"https:\/\/schema.org","@graph":[{"@type":"WebPage","@id":"https:\/\/www.bozioko.cz\/de\/historie\/","url":"https:\/\/www.bozioko.cz\/de\/historie\/","name":"Jak vznikal n\u00e1\u0161 hotel? Jak\u00e1 byla jeho historie? - Wellness Bo\u017e\u00ed oko","isPartOf":{"@id":"https:\/\/www.bozioko.cz\/#website"},"primaryImageOfPage":{"@id":"https:\/\/www.bozioko.cz\/de\/historie\/#primaryimage"},"image":{"@id":"https:\/\/www.bozioko.cz\/de\/historie\/#primaryimage"},"thumbnailUrl":"https:\/\/www.bozioko.cz\/wp-content\/uploads\/2017\/08\/statek5-pred-rekonstrukci-560x800.jpg","datePublished":"2017-08-14T11:31:32+00:00","dateModified":"2020-02-13T21:27:43+00:00","description":"Jak se z hospod\u00e1\u0159sk\u00e9 usedlosti z 19. stolet\u00ed stal wellness hotel s unik\u00e1tn\u00ed atmosf\u00e9rou? P\u0159e\u010dt\u011bte si n\u011bco o historii na\u0161eho hotelu.","breadcrumb":{"@id":"https:\/\/www.bozioko.cz\/de\/historie\/#breadcrumb"},"inLanguage":"de","potentialAction":[{"@type":"ReadAction","target":["https:\/\/www.bozioko.cz\/de\/historie\/"]}]},{"@type":"ImageObject","inLanguage":"de","@id":"https:\/\/www.bozioko.cz\/de\/historie\/#primaryimage","url":"https:\/\/www.bozioko.cz\/wp-content\/uploads\/2017\/08\/statek5-pred-rekonstrukci-560x800.jpg","contentUrl":"https:\/\/www.bozioko.cz\/wp-content\/uploads\/2017\/08\/statek5-pred-rekonstrukci-560x800.jpg"},{"@type":"BreadcrumbList","@id":"https:\/\/www.bozioko.cz\/de\/historie\/#breadcrumb","itemListElement":[{"@type":"ListItem","position":1,"name":"Dom\u016f","item":"https:\/\/www.bozioko.cz\/de\/"},{"@type":"ListItem","position":2,"name":"Historie"}]},{"@type":"WebSite","@id":"https:\/\/www.bozioko.cz\/#website","url":"https:\/\/www.bozioko.cz\/","name":"Bo\u017e\u00ed Oko","description":"Wellness hotel","publisher":{"@id":"https:\/\/www.bozioko.cz\/#organization"},"potentialAction":[{"@type":"SearchAction","target":{"@type":"EntryPoint","urlTemplate":"https:\/\/www.bozioko.cz\/?s={search_term_string}"},"query-input":{"@type":"PropertyValueSpecification","valueRequired":true,"valueName":"search_term_string"}}],"inLanguage":"de"},{"@type":"Organization","@id":"https:\/\/www.bozioko.cz\/#organization","name":"Bo\u017e\u00ed Oko","url":"https:\/\/www.bozioko.cz\/","logo":{"@type":"ImageObject","inLanguage":"de","@id":"https:\/\/www.bozioko.cz\/#\/schema\/logo\/image\/","url":"https:\/\/www.bozioko.cz\/wp-content\/uploads\/2016\/08\/test.png","contentUrl":"https:\/\/www.bozioko.cz\/wp-content\/uploads\/2016\/08\/test.png","width":368,"height":522,"caption":"Bo\u017e\u00ed Oko"},"image":{"@id":"https:\/\/www.bozioko.cz\/#\/schema\/logo\/image\/"},"sameAs":["https:\/\/www.facebook.com\/BoziOkoWellnessHotel\/"]}]}},"_links":{"self":[{"href":"https:\/\/www.bozioko.cz\/de\/wp-json\/wp\/v2\/pages\/6751\/"}],"collection":[{"href":"https:\/\/www.bozioko.cz\/de\/wp-json\/wp\/v2\/pages\/"}],"about":[{"href":"https:\/\/www.bozioko.cz\/de\/wp-json\/wp\/v2\/types\/page\/"}],"author":[{"embeddable":true,"href":"https:\/\/www.bozioko.cz\/de\/wp-json\/wp\/v2\/users\/1\/"}],"replies":[{"embeddable":true,"href":"https:\/\/www.bozioko.cz\/de\/wp-json\/wp\/v2\/comments\/?post=6751"}],"version-history":[{"count":2,"href":"https:\/\/www.bozioko.cz\/de\/wp-json\/wp\/v2\/pages\/6751\/revisions\/"}],"predecessor-version":[{"id":6755,"href":"https:\/\/www.bozioko.cz\/de\/wp-json\/wp\/v2\/pages\/6751\/revisions\/6755\/"}],"wp:attachment":[{"href":"https:\/\/www.bozioko.cz\/de\/wp-json\/wp\/v2\/media\/?parent=6751"}],"curies":[{"name":"wp","href":"https:\/\/api.w.org\/{rel}","templated":true}]}}