{"id":6715,"date":"2016-08-09T07:33:50","date_gmt":"2016-08-09T07:33:50","guid":{"rendered":"https:\/\/www.bozioko.cz\/home\/"},"modified":"2020-02-13T02:54:01","modified_gmt":"2020-02-13T01:54:01","slug":"home","status":"publish","type":"page","link":"https:\/\/www.bozioko.cz\/de\/","title":{"rendered":"Home"},"content":{"rendered":"<p><!--themify_builder_static--><img decoding=\"async\" src=\"\/wp-content\/uploads\/2016\/08\/logo_bo.png\" alt=\"Home\" \/><\/p>\n<h1>WELLNESS HOTEL<\/h1>\n<p>eine Oase des Friedens und Wohlbefinden<br \/>im Herzen der s\u00fcdb\u00f6hmischen Landschaft<\/p>\n<p><a href=\"#o-nas\" > mehr erfinden <\/a><\/p>\n<h2>\u00fcber uns<br \/>Bo\u017e\u00ed Oko<\/h2>\n<h5>In Mal\u00e9 Chr\u00e1\u0161\u0165any, einem kleinen Dorf in S\u00fcdb\u00f6hmen, zwischen der Kapelle und der alten Linde liegt das Tor zum Paradies, wo sich eine Oase des Friedens, des Wohlbefinden und Stille befindet<\/h5>\n<p>Ein gem\u00fctliches Hotel erwartet Sie in einem Bauernhaus vom Jahre 1850, umgeben von W\u00e4ldern, Teichen und wundersch\u00f6ner Landschaft.<br \/> Hier k\u00f6nnen Sie Ihre Sorgen und Stress weglegen, K\u00f6rper und Seele erfrischen und positive Energie aufpumpen.<\/p>\n<p><a href=\"\/de\/o-nas\" > Mehr \u00fcber uns <\/a><br \/>\n<a href=\"https:\/\/www.bozioko.cz\/wp-content\/uploads\/2017\/08\/995845_463639857092566_1470772319_n.jpg\" > <img loading=\"lazy\" decoding=\"async\" src=\"\/wp-content\/uploads\/2017\/08\/995845_463639857092566_1470772319_n.jpg\" width=\"375\" height=\"340\" alt=\"Home\" \/> <\/a><br \/>\n<a href=\"\/wp-content\/uploads\/2016\/08\/6.jpg\" > <img loading=\"lazy\" decoding=\"async\" src=\"\/wp-content\/uploads\/2016\/08\/6.jpg\" width=\"375\" height=\"340\" alt=\"Home\" \/> <\/a><br \/>\n<a href=\"\/wp-content\/uploads\/2016\/08\/2.jpg\" > <img loading=\"lazy\" decoding=\"async\" src=\"https:\/\/www.bozioko.cz\/wp-content\/uploads\/2016\/08\/2-375x340.jpg\" width=\"375\" height=\"340\" alt=\"2\" \/> <\/a><br \/>\n<a href=\"\/wp-content\/uploads\/2016\/08\/11.jpg\" > <img loading=\"lazy\" decoding=\"async\" src=\"https:\/\/www.bozioko.cz\/wp-content\/uploads\/2016\/08\/11-375x340.jpg\" width=\"375\" height=\"340\" alt=\"SONY DSC\" \/> <\/a><br \/>\n<a href=\"\/wp-content\/uploads\/2016\/08\/4.jpg\" > <img loading=\"lazy\" decoding=\"async\" src=\"https:\/\/www.bozioko.cz\/wp-content\/uploads\/2016\/08\/4-375x340.jpg\" width=\"375\" height=\"340\" alt=\"4\" \/> <\/a><br \/>\n<a href=\"\/wp-content\/uploads\/2016\/08\/8.jpg\" > <img loading=\"lazy\" decoding=\"async\" src=\"https:\/\/www.bozioko.cz\/wp-content\/uploads\/2016\/08\/8-375x340.jpg\" width=\"375\" height=\"340\" alt=\"8\" \/> <\/a><br \/>\n<a href=\"\/wp-content\/uploads\/2016\/08\/5.jpg\" > <img loading=\"lazy\" decoding=\"async\" src=\"https:\/\/www.bozioko.cz\/wp-content\/uploads\/2016\/08\/5-375x340.jpg\" width=\"375\" height=\"340\" alt=\"5\" \/> <\/a><br \/>\n<a href=\"\/wp-content\/uploads\/2016\/08\/9.jpg\" > <img loading=\"lazy\" decoding=\"async\" src=\"https:\/\/www.bozioko.cz\/wp-content\/uploads\/2016\/08\/9-375x340.jpg\" width=\"375\" height=\"340\" alt=\"9\" \/> <\/a><br \/>\n<a href=\"\/wp-content\/uploads\/2016\/08\/7.jpg\" > <img loading=\"lazy\" decoding=\"async\" src=\"https:\/\/www.bozioko.cz\/wp-content\/uploads\/2016\/08\/7-375x340.jpg\" width=\"375\" height=\"340\" alt=\"7\" \/> <\/a><br \/>\n<a href=\"\/wp-content\/uploads\/2016\/08\/10.jpg\" > <img loading=\"lazy\" decoding=\"async\" src=\"https:\/\/www.bozioko.cz\/wp-content\/uploads\/2016\/08\/10-375x340.jpg\" width=\"375\" height=\"340\" alt=\"10\" \/> <\/a><\/p>\n<h2>Die Historie<br \/>Bo\u017e\u00ed Oko<\/h2>\n<h5>Oft fragen uns unsere G\u00e4ste nach der Geschichte unseres Hofes. Wie es vor dem Wiederaufbau aussah, was hier vorher war, wie umfangreich der Wiederaufbau war.<\/h5>\n<p>Deshalb haben wir uns entschieden, in unser Archiv zu schauen und ein wenig Text und Bildmaterial f\u00fcr den Neugierigen vorzubereiten.<\/p>\n<p><a href=\"https:\/\/www.bozioko.cz\/historie\/\" > Mehr Lesen <\/a><br \/>\n<a href=\"https:\/\/www.bozioko.cz\/selske-baroko\/\" > Bauern-Barock <\/a><\/p>\n<h1>Buchung<br \/>Planen Sie Ihre Entspannung<\/h1>\n<h5><em>Buchen Sie telefonisch, per E-Mail oder mittelst Buchungsformular<\/em><\/h5>\n<h3>+420 777 760 524 | info@hotelbozioko.cz<\/h3>\n<p><a href=\"\/rezervace\" > Buch Jetzt <\/a><!--\/themify_builder_static--><\/p>\n","protected":false},"excerpt":{"rendered":"<p>WELLNESS HOTEL eine Oase des Friedens und Wohlbefindenim Herzen der s\u00fcdb\u00f6hmischen Landschaft mehr erfinden \u00fcber unsBo\u017e\u00ed Oko In Mal\u00e9 Chr\u00e1\u0161\u0165any, einem kleinen Dorf in S\u00fcdb\u00f6hmen, zwischen der Kapelle und der alten Linde liegt das Tor zum Paradies, wo sich eine Oase des Friedens, des Wohlbefinden und Stille befindet Ein gem\u00fctliches Hotel erwartet Sie in einem [&hellip;]<\/p>\n","protected":false},"author":1,"featured_media":0,"parent":0,"menu_order":0,"comment_status":"closed","ping_status":"closed","template":"","meta":{"footnotes":""},"class_list":["post-6715","page","type-page","status-publish","hentry"],"yoast_head":"<!-- This site is optimized with the Yoast SEO plugin v25.4 - https:\/\/yoast.com\/wordpress\/plugins\/seo\/ -->\n<title>Wellness hotel Bo\u017e\u00ed oko - nejkr\u00e1sn\u011bj\u0161\u00ed hotel v Ji\u017en\u00edch \u010cech\u00e1ch<\/title>\n<meta name=\"description\" content=\"Nav\u0161tivte o\u00e1zu klidu a pohody na jihu \u010cech. Vlastn\u00ed wellness, kvalitn\u00ed restaurace, posilovna, v\u00fd\u0159ivka, to je jen n\u011bkolik l\u00e1kadel. Prozkoumejte ji\u017en\u00ed \u010cechy.\" \/>\n<meta name=\"robots\" content=\"index, follow, max-snippet:-1, max-image-preview:large, max-video-preview:-1\" \/>\n<link rel=\"canonical\" href=\"https:\/\/www.bozioko.cz\/de\/\" \/>\n<meta property=\"og:locale\" content=\"de_DE\" \/>\n<meta property=\"og:type\" content=\"article\" \/>\n<meta property=\"og:title\" content=\"Wellness hotel Bo\u017e\u00ed oko - nejkr\u00e1sn\u011bj\u0161\u00ed hotel v Ji\u017en\u00edch \u010cech\u00e1ch\" \/>\n<meta property=\"og:description\" content=\"Nav\u0161tivte o\u00e1zu klidu a pohody na jihu \u010cech. Vlastn\u00ed wellness, kvalitn\u00ed restaurace, posilovna, v\u00fd\u0159ivka, to je jen n\u011bkolik l\u00e1kadel. Prozkoumejte ji\u017en\u00ed \u010cechy.\" \/>\n<meta property=\"og:url\" content=\"https:\/\/www.bozioko.cz\/de\/\" \/>\n<meta property=\"og:site_name\" content=\"Bo\u017e\u00ed Oko\" \/>\n<meta property=\"article:publisher\" content=\"https:\/\/www.facebook.com\/BoziOkoWellnessHotel\/\" \/>\n<meta property=\"article:modified_time\" content=\"2020-02-13T01:54:01+00:00\" \/>\n<meta property=\"og:image\" content=\"https:\/\/www.bozioko.cz\/wp-content\/uploads\/2016\/08\/logo_bo.png\" \/>\n<meta name=\"twitter:card\" content=\"summary_large_image\" \/>\n<meta name=\"twitter:label1\" content=\"Gesch\u00e4tzte Lesezeit\" \/>\n\t<meta name=\"twitter:data1\" content=\"1\u00a0Minute\" \/>\n<script type=\"application\/ld+json\" class=\"yoast-schema-graph\">{\"@context\":\"https:\/\/schema.org\",\"@graph\":[{\"@type\":\"WebPage\",\"@id\":\"https:\/\/www.bozioko.cz\/de\/\",\"url\":\"https:\/\/www.bozioko.cz\/de\/\",\"name\":\"Wellness hotel Bo\u017e\u00ed oko - nejkr\u00e1sn\u011bj\u0161\u00ed hotel v Ji\u017en\u00edch \u010cech\u00e1ch\",\"isPartOf\":{\"@id\":\"https:\/\/www.bozioko.cz\/#website\"},\"primaryImageOfPage\":{\"@id\":\"https:\/\/www.bozioko.cz\/de\/#primaryimage\"},\"image\":{\"@id\":\"https:\/\/www.bozioko.cz\/de\/#primaryimage\"},\"thumbnailUrl\":\"https:\/\/www.bozioko.cz\/wp-content\/uploads\/2016\/08\/2-375x340.jpg\",\"datePublished\":\"2016-08-09T07:33:50+00:00\",\"dateModified\":\"2020-02-13T01:54:01+00:00\",\"description\":\"Nav\u0161tivte o\u00e1zu klidu a pohody na jihu \u010cech. Vlastn\u00ed wellness, kvalitn\u00ed restaurace, posilovna, v\u00fd\u0159ivka, to je jen n\u011bkolik l\u00e1kadel. Prozkoumejte ji\u017en\u00ed \u010cechy.\",\"breadcrumb\":{\"@id\":\"https:\/\/www.bozioko.cz\/de\/#breadcrumb\"},\"inLanguage\":\"de\",\"potentialAction\":[{\"@type\":\"ReadAction\",\"target\":[\"https:\/\/www.bozioko.cz\/de\/\"]}]},{\"@type\":\"ImageObject\",\"inLanguage\":\"de\",\"@id\":\"https:\/\/www.bozioko.cz\/de\/#primaryimage\",\"url\":\"https:\/\/www.bozioko.cz\/wp-content\/uploads\/2016\/08\/2-375x340.jpg\",\"contentUrl\":\"https:\/\/www.bozioko.cz\/wp-content\/uploads\/2016\/08\/2-375x340.jpg\"},{\"@type\":\"BreadcrumbList\",\"@id\":\"https:\/\/www.bozioko.cz\/de\/#breadcrumb\",\"itemListElement\":[{\"@type\":\"ListItem\",\"position\":1,\"name\":\"Dom\u016f\",\"item\":\"https:\/\/www.bozioko.cz\/de\/\"},{\"@type\":\"ListItem\",\"position\":2,\"name\":\"Home\"}]},{\"@type\":\"WebSite\",\"@id\":\"https:\/\/www.bozioko.cz\/#website\",\"url\":\"https:\/\/www.bozioko.cz\/\",\"name\":\"Bo\u017e\u00ed Oko\",\"description\":\"Wellness hotel\",\"publisher\":{\"@id\":\"https:\/\/www.bozioko.cz\/#organization\"},\"potentialAction\":[{\"@type\":\"SearchAction\",\"target\":{\"@type\":\"EntryPoint\",\"urlTemplate\":\"https:\/\/www.bozioko.cz\/?s={search_term_string}\"},\"query-input\":{\"@type\":\"PropertyValueSpecification\",\"valueRequired\":true,\"valueName\":\"search_term_string\"}}],\"inLanguage\":\"de\"},{\"@type\":\"Organization\",\"@id\":\"https:\/\/www.bozioko.cz\/#organization\",\"name\":\"Bo\u017e\u00ed Oko\",\"url\":\"https:\/\/www.bozioko.cz\/\",\"logo\":{\"@type\":\"ImageObject\",\"inLanguage\":\"de\",\"@id\":\"https:\/\/www.bozioko.cz\/#\/schema\/logo\/image\/\",\"url\":\"https:\/\/www.bozioko.cz\/wp-content\/uploads\/2016\/08\/test.png\",\"contentUrl\":\"https:\/\/www.bozioko.cz\/wp-content\/uploads\/2016\/08\/test.png\",\"width\":368,\"height\":522,\"caption\":\"Bo\u017e\u00ed Oko\"},\"image\":{\"@id\":\"https:\/\/www.bozioko.cz\/#\/schema\/logo\/image\/\"},\"sameAs\":[\"https:\/\/www.facebook.com\/BoziOkoWellnessHotel\/\"]}]}<\/script>\n<!-- \/ Yoast SEO plugin. -->","yoast_head_json":{"title":"Wellness hotel Bo\u017e\u00ed oko - nejkr\u00e1sn\u011bj\u0161\u00ed hotel v Ji\u017en\u00edch \u010cech\u00e1ch","description":"Nav\u0161tivte o\u00e1zu klidu a pohody na jihu \u010cech. Vlastn\u00ed wellness, kvalitn\u00ed restaurace, posilovna, v\u00fd\u0159ivka, to je jen n\u011bkolik l\u00e1kadel. Prozkoumejte ji\u017en\u00ed \u010cechy.","robots":{"index":"index","follow":"follow","max-snippet":"max-snippet:-1","max-image-preview":"max-image-preview:large","max-video-preview":"max-video-preview:-1"},"canonical":"https:\/\/www.bozioko.cz\/de\/","og_locale":"de_DE","og_type":"article","og_title":"Wellness hotel Bo\u017e\u00ed oko - nejkr\u00e1sn\u011bj\u0161\u00ed hotel v Ji\u017en\u00edch \u010cech\u00e1ch","og_description":"Nav\u0161tivte o\u00e1zu klidu a pohody na jihu \u010cech. Vlastn\u00ed wellness, kvalitn\u00ed restaurace, posilovna, v\u00fd\u0159ivka, to je jen n\u011bkolik l\u00e1kadel. Prozkoumejte ji\u017en\u00ed \u010cechy.","og_url":"https:\/\/www.bozioko.cz\/de\/","og_site_name":"Bo\u017e\u00ed Oko","article_publisher":"https:\/\/www.facebook.com\/BoziOkoWellnessHotel\/","article_modified_time":"2020-02-13T01:54:01+00:00","og_image":[{"url":"https:\/\/www.bozioko.cz\/wp-content\/uploads\/2016\/08\/logo_bo.png","type":"","width":"","height":""}],"twitter_card":"summary_large_image","twitter_misc":{"Gesch\u00e4tzte Lesezeit":"1\u00a0Minute"},"schema":{"@context":"https:\/\/schema.org","@graph":[{"@type":"WebPage","@id":"https:\/\/www.bozioko.cz\/de\/","url":"https:\/\/www.bozioko.cz\/de\/","name":"Wellness hotel Bo\u017e\u00ed oko - nejkr\u00e1sn\u011bj\u0161\u00ed hotel v Ji\u017en\u00edch \u010cech\u00e1ch","isPartOf":{"@id":"https:\/\/www.bozioko.cz\/#website"},"primaryImageOfPage":{"@id":"https:\/\/www.bozioko.cz\/de\/#primaryimage"},"image":{"@id":"https:\/\/www.bozioko.cz\/de\/#primaryimage"},"thumbnailUrl":"https:\/\/www.bozioko.cz\/wp-content\/uploads\/2016\/08\/2-375x340.jpg","datePublished":"2016-08-09T07:33:50+00:00","dateModified":"2020-02-13T01:54:01+00:00","description":"Nav\u0161tivte o\u00e1zu klidu a pohody na jihu \u010cech. Vlastn\u00ed wellness, kvalitn\u00ed restaurace, posilovna, v\u00fd\u0159ivka, to je jen n\u011bkolik l\u00e1kadel. Prozkoumejte ji\u017en\u00ed \u010cechy.","breadcrumb":{"@id":"https:\/\/www.bozioko.cz\/de\/#breadcrumb"},"inLanguage":"de","potentialAction":[{"@type":"ReadAction","target":["https:\/\/www.bozioko.cz\/de\/"]}]},{"@type":"ImageObject","inLanguage":"de","@id":"https:\/\/www.bozioko.cz\/de\/#primaryimage","url":"https:\/\/www.bozioko.cz\/wp-content\/uploads\/2016\/08\/2-375x340.jpg","contentUrl":"https:\/\/www.bozioko.cz\/wp-content\/uploads\/2016\/08\/2-375x340.jpg"},{"@type":"BreadcrumbList","@id":"https:\/\/www.bozioko.cz\/de\/#breadcrumb","itemListElement":[{"@type":"ListItem","position":1,"name":"Dom\u016f","item":"https:\/\/www.bozioko.cz\/de\/"},{"@type":"ListItem","position":2,"name":"Home"}]},{"@type":"WebSite","@id":"https:\/\/www.bozioko.cz\/#website","url":"https:\/\/www.bozioko.cz\/","name":"Bo\u017e\u00ed Oko","description":"Wellness hotel","publisher":{"@id":"https:\/\/www.bozioko.cz\/#organization"},"potentialAction":[{"@type":"SearchAction","target":{"@type":"EntryPoint","urlTemplate":"https:\/\/www.bozioko.cz\/?s={search_term_string}"},"query-input":{"@type":"PropertyValueSpecification","valueRequired":true,"valueName":"search_term_string"}}],"inLanguage":"de"},{"@type":"Organization","@id":"https:\/\/www.bozioko.cz\/#organization","name":"Bo\u017e\u00ed Oko","url":"https:\/\/www.bozioko.cz\/","logo":{"@type":"ImageObject","inLanguage":"de","@id":"https:\/\/www.bozioko.cz\/#\/schema\/logo\/image\/","url":"https:\/\/www.bozioko.cz\/wp-content\/uploads\/2016\/08\/test.png","contentUrl":"https:\/\/www.bozioko.cz\/wp-content\/uploads\/2016\/08\/test.png","width":368,"height":522,"caption":"Bo\u017e\u00ed Oko"},"image":{"@id":"https:\/\/www.bozioko.cz\/#\/schema\/logo\/image\/"},"sameAs":["https:\/\/www.facebook.com\/BoziOkoWellnessHotel\/"]}]}},"_links":{"self":[{"href":"https:\/\/www.bozioko.cz\/de\/wp-json\/wp\/v2\/pages\/6715\/"}],"collection":[{"href":"https:\/\/www.bozioko.cz\/de\/wp-json\/wp\/v2\/pages\/"}],"about":[{"href":"https:\/\/www.bozioko.cz\/de\/wp-json\/wp\/v2\/types\/page\/"}],"author":[{"embeddable":true,"href":"https:\/\/www.bozioko.cz\/de\/wp-json\/wp\/v2\/users\/1\/"}],"replies":[{"embeddable":true,"href":"https:\/\/www.bozioko.cz\/de\/wp-json\/wp\/v2\/comments\/?post=6715"}],"version-history":[{"count":9,"href":"https:\/\/www.bozioko.cz\/de\/wp-json\/wp\/v2\/pages\/6715\/revisions\/"}],"predecessor-version":[{"id":7103,"href":"https:\/\/www.bozioko.cz\/de\/wp-json\/wp\/v2\/pages\/6715\/revisions\/7103\/"}],"wp:attachment":[{"href":"https:\/\/www.bozioko.cz\/de\/wp-json\/wp\/v2\/media\/?parent=6715"}],"curies":[{"name":"wp","href":"https:\/\/api.w.org\/{rel}","templated":true}]}}